{"id":7188,"date":"2025-08-02T16:02:55","date_gmt":"2025-08-02T15:02:55","guid":{"rendered":"https:\/\/www.cooper-pegler.com\/?page_id=7188"},"modified":"2025-08-02T16:02:55","modified_gmt":"2025-08-02T15:02:55","slug":"aviso-legal","status":"publish","type":"page","link":"https:\/\/www.cooper-pegler.com\/es\/aviso-legal\/","title":{"rendered":"Aviso legal"},"content":{"rendered":"<h2><b><strong>Resumen<\/strong><\/b><\/h2>\n<p><a href=\"https:\/\/www.cooper-pegler.com\/en\/legal-informations\/#general-information\">1. Informaci\u00f3n general<\/a><\/p>\n<p><a href=\"https:\/\/www.cooper-pegler.com\/en\/legal-informations\/#restrictions-liability\">2. Limitaciones de responsabilidad y suspensi\u00f3n de la garant\u00eda<\/a><\/p>\n<p><a href=\"https:\/\/www.cooper-pegler.com\/en\/legal-informations\/#access-codes\">3. Gesti\u00f3n de c\u00f3digos de acceso y contrase\u00f1as<\/a><\/p>\n<p><a href=\"https:\/\/www.cooper-pegler.com\/en\/legal-informations\/#intellectual-property\">4. Propiedad intelectual<\/a><\/p>\n<p><a href=\"https:\/\/www.cooper-pegler.com\/en\/legal-informations\/#respect-private-life\">5. Respeto de la vida privada<\/a><\/p>\n<p><a href=\"https:\/\/www.cooper-pegler.com\/en\/legal-informations\/#personal-data\">6. Datos personales<\/a><\/p>\n<p><a href=\"https:\/\/www.cooper-pegler.com\/en\/legal-informations\/#proof-connection\">7. Prueba de conexi\u00f3n (cookies)<\/a><\/p>\n<p><a href=\"https:\/\/www.cooper-pegler.com\/en\/legal-informations\/#hyperlinks\">8. Hiperenlaces<\/a><\/p>\n<p><a href=\"https:\/\/www.cooper-pegler.com\/en\/legal-informations\/#forecast-information\">9. Advertencia sobre la informaci\u00f3n previsional<\/a><\/p>\n<p><a href=\"https:\/\/www.cooper-pegler.com\/en\/legal-informations\/#enforceable-regulations\">10. Normativa aplicable<\/a><\/p>\n<p>Bienvenido al sitio web \u00abcooper.tecnoma.fr\u00bb (en adelante, \u00abel Sitio\u00bb).<\/p>\n<p>De conformidad con la ley, le invitamos a leer atentamente las presentes condiciones de uso (en adelante, \u00ablas Condiciones\u00bb), as\u00ed como cualquier condici\u00f3n espec\u00edfica que figure en las p\u00e1ginas del Sitio y que regule su uso del sitio cooper.tecnoma.fr.<\/p>\n<p>Las presentes Condiciones se refieren a sus derechos y responsabilidades legales aplicables cuando utiliza este Sitio.<\/p>\n<p>Este Sitio se pone a su disposici\u00f3n de forma gratuita (excepto los gastos de conexi\u00f3n al Sitio) y es para su uso personal, siempre que se respeten las Condiciones definidas a continuaci\u00f3n.<\/p>\n<p>Al acceder a este Sitio, visitarlo y\/o utilizarlo, usted reconoce haber le\u00eddo, comprendido y aceptado las presentes Condiciones, y se compromete a respetar todas las leyes y reglamentos aplicables. Si no acepta estas Condiciones, le rogamos que no utilice este sitio web.<\/p>\n<p>Solo podr\u00e1 utilizar el Sitio con fines leg\u00edtimos: no se autoriza ning\u00fan uso o apropiaci\u00f3n indebida, en particular con fines contrarios al orden p\u00fablico o a las buenas costumbres.<\/p>\n<p>El contenido de las presentes Condiciones puede ser modificado; por lo tanto, le invitamos a consultarlas con frecuencia.<\/p>\n<h2><b>1. Informaci\u00f3n general<\/b><\/h2>\n<p>Este sitio www.cooper-pegler.com es propiedad de HOZELOCK-EXEL, una sociedad privada con un capital de 2 600 000 \u20ac, inscrita en el Registro Mercantil de Villefranche, con el n\u00famero B FR 02 779 658 772, y cuyo domicilio social se encuentra en rue de l\u2019Abbaye, ZI Nord Arnas \u2013 BP 30424 \u2013 69653 Villefranche.<\/p>\n<p>Tel.: + 33 (0)4 74 62 48 48<\/p>\n<p>Correo electr\u00f3nico: hozelock-exel@hozelock-exel.com<\/p>\n<p>N\u00famero de IVA: FR 02 779 658 772<\/p>\n<p>El responsable de la publicaci\u00f3n del sitio web es Marc BALLU, en calidad de director general de HOZELOCK-EXEL.<\/p>\n<p><b><strong>Alojamiento:<\/strong><\/b><\/p>\n<p>La empresa de alojamiento (proveedor) es CYTADEL, sociedad an\u00f3nima con un capital de 222 222 \u20ac, inscrita en el Registro Mercantil de Lyon con el n\u00famero B FR 419623152, y cuyo domicilio social se encuentra en 12 avenue Tony Garnier \u2013 69007 LYON \u2013 FRANCIA.<\/p>\n<p>Tel.: + 33 (0)4 37 43 12 60<\/p>\n<p>Cytadel \u2013 12 avenue Tony Garnier \u2013 69007 LYON \u2013 FRANCIA<\/p>\n<p>Correo electr\u00f3nico: contact@cytadel.fr<\/p>\n<p>http:\/\/www.cytadel.fr\/<\/p>\n<p><b><strong>Dise\u00f1o y realizaci\u00f3n:<\/strong><\/b><\/p>\n<p>JETPULP \u2013 12 avenue Tony Garnier \u2013 69007 LYON \u2013 FRANCIA<\/p>\n<p>Tel.: 04 37 43 12 60<\/p>\n<p>http:\/\/www.jetpulp.fr\/<\/p>\n","protected":false},"excerpt":{"rendered":"<p>Resumen 1. Informaci\u00f3n general 2. Limitaciones de responsabilidad y suspensi\u00f3n de la garant\u00eda 3. Gesti\u00f3n de c\u00f3digos de acceso y contrase\u00f1as 4. Propiedad intelectual 5. Respeto de la vida privada 6. Datos personales 7. Prueba de conexi\u00f3n (cookies) 8. Hiperenlaces 9. Advertencia sobre la informaci\u00f3n previsional 10. Normativa aplicable Bienvenido al sitio web \u00abcooper.tecnoma.fr\u00bb (en [&hellip;]<\/p>\n","protected":false},"author":8,"featured_media":0,"parent":0,"menu_order":0,"comment_status":"closed","ping_status":"closed","template":"","meta":{"_acf_changed":false,"footnotes":""},"class_list":["post-7188","page","type-page","status-publish","hentry"],"acf":[],"_links":{"self":[{"href":"https:\/\/www.cooper-pegler.com\/es\/wp-json\/wp\/v2\/pages\/7188","targetHints":{"allow":["GET"]}}],"collection":[{"href":"https:\/\/www.cooper-pegler.com\/es\/wp-json\/wp\/v2\/pages"}],"about":[{"href":"https:\/\/www.cooper-pegler.com\/es\/wp-json\/wp\/v2\/types\/page"}],"author":[{"embeddable":true,"href":"https:\/\/www.cooper-pegler.com\/es\/wp-json\/wp\/v2\/users\/8"}],"replies":[{"embeddable":true,"href":"https:\/\/www.cooper-pegler.com\/es\/wp-json\/wp\/v2\/comments?post=7188"}],"version-history":[{"count":2,"href":"https:\/\/www.cooper-pegler.com\/es\/wp-json\/wp\/v2\/pages\/7188\/revisions"}],"predecessor-version":[{"id":7190,"href":"https:\/\/www.cooper-pegler.com\/es\/wp-json\/wp\/v2\/pages\/7188\/revisions\/7190"}],"wp:attachment":[{"href":"https:\/\/www.cooper-pegler.com\/es\/wp-json\/wp\/v2\/media?parent=7188"}],"curies":[{"name":"wp","href":"https:\/\/api.w.org\/{rel}","templated":true}]}}