{"id":6273,"date":"2019-01-04T16:57:17","date_gmt":"2019-01-04T15:57:17","guid":{"rendered":"https:\/\/www.cooper-pegler.com\/?page_id=6273\/"},"modified":"2019-01-23T14:27:19","modified_gmt":"2019-01-23T13:27:19","slug":"cookies","status":"publish","type":"page","link":"https:\/\/www.cooper-pegler.com\/es\/cookies\/","title":{"rendered":"Cookies"},"content":{"rendered":"<h2><strong>ANTECEDENTES &#8211; \u00bfQU\u00c9 ES UNA COOKIE?<\/strong><\/h2>\n<p>Una cookie es un archivo de texto que contiene una peque\u00f1a cantidad de informaci\u00f3n que se instala en su ordenador o dispositivo m\u00f3vil durante su primera visita a un sitio web. Utilizamos cookies para mejorar el funcionamiento de nuestro sitio para nuestros usuarios. Las cookies realizan una serie de funciones: le permiten, por ejemplo, navegar sin problemas entre p\u00e1ginas, conservar sus preferencias y, en general, mejorar la experiencia del usuario. Puede encontrar m\u00e1s informaci\u00f3n sobre las cookies visitando los siguientes sitios:<\/p>\n<ul>\n<li><u><a href=\"http:\/\/www.allaboutcookies.org\/\">allaboutcookies.org<\/a><\/u><\/li>\n<li><u><a href=\"http:\/\/www.aboutcookies.org\/\">aboutcookies.org<\/a><\/u><\/li>\n<li><u><a href=\"http:\/\/www.youronlinechoices.org\/\">youronlinechoices.eu<\/a><\/u><\/li>\n<\/ul>\n<p>Al utilizar nuestro sitio web, usted nos autoriza a instalar cookies en su dispositivo. Esta pol\u00edtica est\u00e1 dise\u00f1ada para explicar lo que nos hacen estas cookies y lo que hacen.<\/p>\n<h2><strong>COOKIES ESTRICTAMENTE NECESARIAS<\/strong><\/h2>\n<p>Estas cookies son necesarias para el correcto funcionamiento de nuestro sitio web. Las usamos para la cesta.<\/p>\n<h2><strong>COOKIES<\/strong><strong> DE MONITOREO<\/strong><\/h2>\n<p>Estas cookies recopilan informaci\u00f3n sobre el uso que hacen los visitantes del sitio web, las p\u00e1ginas m\u00e1s visitadas y los mensajes de error recibidos. La informaci\u00f3n recopilada es an\u00f3nima y nos ayuda a mejorar el funcionamiento de nuestro sitio. No identifican a las personas involucradas.<\/p>\n<p>Utilizamos cookies proporcionadas por Google Analytics para evaluar la efectividad de nuestra publicidad y para comprender c\u00f3mo los visitantes utilizan nuestro sitio. Esta informaci\u00f3n nos permite saber qu\u00e9 p\u00e1ginas son las m\u00e1s populares, qu\u00e9 productos son m\u00e1s relevantes para nuestros clientes y qu\u00e9 tipo de oferta prefieren. Aunque Google Analytics almacena la informaci\u00f3n proporcionada por el sitio para nosotros, controlamos el uso de los datos. Si no desea participar en la mejora de nuestro sitio web, nuestros productos, nuestras ofertas y nuestra estrategia de marketing, puede desactivar esta herramienta de an\u00e1lisis del sitio web haciendo clic en el siguiente enlace:<\/p>\n<p>http:\/\/www.tools.google.com\/ dlpage \/ gaoptout.<\/p>\n<h2><strong>COOKIES ESTRICTAMENTE NECESARIAS<\/strong><\/h2>\n<p>Estas cookies nos permiten recordar las elecciones que ha realizado (por ejemplo: su nombre de usuario, su idioma) y ofrecerle mejores caracter\u00edsticas que ser\u00e1n personalizadas. La informaci\u00f3n recopilada por estas cookies no permite seguir su actividad en los otros sitios visitados.<\/p>\n<h2><strong>\u00bfLA INFORMACI\u00d3N EST\u00c1 ACTUALIZADA?<\/strong><\/h2>\n<p>Nuestro sitio web se actualiza regularmente. Esta pol\u00edtica se actualizar\u00e1 en caso de configurar nuevas cookies o modificar los par\u00e1metros.<\/p>\n<h2><strong>WEB EXTERNO<\/strong><\/h2>\n<p>Nuestro sitio web contiene enlaces a otros sitios, y no sabemos qu\u00e9 cookies utilizan ellos. Para obtener m\u00e1s informaci\u00f3n, consulte la informaci\u00f3n proporcionada por estos sitios de terceros en sus propias cookies.<\/p>\n<p>&nbsp;<\/p>\n","protected":false},"excerpt":{"rendered":"<p>ANTECEDENTES &#8211; \u00bfQU\u00c9 ES UNA COOKIE? Una cookie es un archivo de texto que contiene una peque\u00f1a cantidad de informaci\u00f3n que se instala en su ordenador o dispositivo m\u00f3vil durante su primera visita a un sitio web. Utilizamos cookies para mejorar el funcionamiento de nuestro sitio para nuestros usuarios. Las cookies realizan una serie de [&hellip;]<\/p>\n","protected":false},"author":4,"featured_media":0,"parent":0,"menu_order":0,"comment_status":"closed","ping_status":"closed","template":"","meta":{"_acf_changed":false,"footnotes":""},"class_list":["post-6273","page","type-page","status-publish","hentry"],"acf":[],"_links":{"self":[{"href":"https:\/\/www.cooper-pegler.com\/es\/wp-json\/wp\/v2\/pages\/6273","targetHints":{"allow":["GET"]}}],"collection":[{"href":"https:\/\/www.cooper-pegler.com\/es\/wp-json\/wp\/v2\/pages"}],"about":[{"href":"https:\/\/www.cooper-pegler.com\/es\/wp-json\/wp\/v2\/types\/page"}],"author":[{"embeddable":true,"href":"https:\/\/www.cooper-pegler.com\/es\/wp-json\/wp\/v2\/users\/4"}],"replies":[{"embeddable":true,"href":"https:\/\/www.cooper-pegler.com\/es\/wp-json\/wp\/v2\/comments?post=6273"}],"version-history":[{"count":3,"href":"https:\/\/www.cooper-pegler.com\/es\/wp-json\/wp\/v2\/pages\/6273\/revisions"}],"predecessor-version":[{"id":6279,"href":"https:\/\/www.cooper-pegler.com\/es\/wp-json\/wp\/v2\/pages\/6273\/revisions\/6279"}],"wp:attachment":[{"href":"https:\/\/www.cooper-pegler.com\/es\/wp-json\/wp\/v2\/media?parent=6273"}],"curies":[{"name":"wp","href":"https:\/\/api.w.org\/{rel}","templated":true}]}}