{"id":5668,"date":"2018-09-13T15:28:46","date_gmt":"2018-09-13T14:28:46","guid":{"rendered":"https:\/\/www.cooper-pegler.com\/?page_id=5668\/"},"modified":"2018-09-21T15:15:14","modified_gmt":"2018-09-21T14:15:14","slug":"cooper-pegler-brand-3","status":"publish","type":"page","link":"https:\/\/www.cooper-pegler.com\/es\/cooper-pegler-brand-3\/","title":{"rendered":"Preguntas frecuentes"},"content":{"rendered":"\n<style type=\"text\/css\" data-created_by=\"avia_inline_auto\" id=\"style-css-av-av_section-bac3c2ed12a298db0e849b536d37abf4\">\n.avia-section.av-av_section-bac3c2ed12a298db0e849b536d37abf4 .av-parallax .av-parallax-inner{\nbackground-repeat:no-repeat;\nbackground-image:url(https:\/\/www.cooper-pegler.com\/wp-content\/uploads\/sites\/6\/2018\/09\/FAQ-1440x-1.jpg);\nbackground-position:0% 100%;\nbackground-attachment:scroll;\n}\n.avia-section.av-av_section-bac3c2ed12a298db0e849b536d37abf4 .av-section-color-overlay{\nopacity:0.2;\nbackground-color:#243488;\n}\n<\/style>\n<div id='av_section_1'  class='avia-section av-av_section-bac3c2ed12a298db0e849b536d37abf4 main_color avia-section-huge avia-no-border-styling  avia-builder-el-0  el_before_av_one_full  avia-builder-el-first  avia-full-stretch av-parallax-section avia-bg-style-parallax av-section-color-overlay-active  av-minimum-height av-minimum-height-50  container_wrap fullsize'  data-section-bg-repeat='stretch' data-av_minimum_height_pc='50'><div class='av-parallax' data-avia-parallax-ratio='0.3' ><div class='av-parallax-inner main_color avia-full-stretch'><\/div><\/div><div class='av-section-color-overlay-wrap'><div class=\"av-section-color-overlay\"><\/div><a href='#next-section' title='' class='scroll-down-link ' aria-hidden='true' data-av_icon='\ue877' data-av_iconfont='entypo-fontello'><\/a><div class='container av-section-cont-open' ><main  role=\"main\" itemprop=\"mainContentOfPage\"  class='template-page content  av-content-full alpha units'><div class='post-entry post-entry-type-page post-entry-5668'><div class='entry-content-wrapper clearfix'>\n\n<style type=\"text\/css\" data-created_by=\"avia_inline_auto\" id=\"style-css-av-av_heading-0c5839734e699a242445705aba08f5c3\">\n#top .av-special-heading.av-av_heading-0c5839734e699a242445705aba08f5c3{\npadding-bottom:10px;\ncolor:#ffffff;\n}\n.av-special-heading.av-av_heading-0c5839734e699a242445705aba08f5c3 .special-heading-inner-border{\nborder-color:#ffffff;\n}\n<\/style>\n<div  class='av-special-heading av-av_heading-0c5839734e699a242445705aba08f5c3 av-special-heading-h1 custom-color-heading blockquote modern-quote modern-centered  avia-builder-el-1  avia-builder-el-no-sibling  '><h1 class='av-special-heading-tag '  itemprop=\"headline\"  >Preguntas frecuentes<\/h1><div class='special-heading-border'><div class='special-heading-inner-border'><\/div><\/div><\/div>\n<\/div><\/div><\/main><!-- close content main element --><\/div><\/div><\/div><div id='after_section_1'  class='main_color av_default_container_wrap container_wrap fullsize'  ><div class='container av-section-cont-open' ><div class='template-page content  av-content-full alpha units'><div class='post-entry post-entry-type-page post-entry-5668'><div class='entry-content-wrapper clearfix'>\n\n<style type=\"text\/css\" data-created_by=\"avia_inline_auto\" id=\"style-css-av-av_one_full-6126cab7d8fab8d08143dd2dacdf673c\">\n.flex_column.av-av_one_full-6126cab7d8fab8d08143dd2dacdf673c{\nborder-radius:0px 0px 0px 0px;\n-webkit-border-radius:0px 0px 0px 0px;\n-moz-border-radius:0px 0px 0px 0px;\n}\n<\/style>\n<div class='flex_column av-av_one_full-6126cab7d8fab8d08143dd2dacdf673c av_one_full  avia-builder-el-2  el_after_av_section  el_before_av_one_full  avia-builder-el-first  first flex_column_div av-zero-column-padding '   ><p>\n<style type=\"text\/css\" data-created_by=\"avia_inline_auto\" id=\"style-css-av-av_heading-7c46f825b7f2d2b3e21379263c396505\">\n#top .av-special-heading.av-av_heading-7c46f825b7f2d2b3e21379263c396505{\npadding-bottom:10px;\n}\n<\/style>\n<div  class='av-special-heading av-av_heading-7c46f825b7f2d2b3e21379263c396505 av-special-heading-h3 blockquote modern-quote  avia-builder-el-3  el_before_av_toggle_container  avia-builder-el-first  '><h3 class='av-special-heading-tag '  itemprop=\"headline\"  >PULVERIZADORES DE PRESION PREVIA<\/h3><div class='special-heading-border'><div class='special-heading-inner-border'><\/div><\/div><\/div><br \/>\n<div  class='togglecontainer av-av_toggle_container-8e0c6e39d39b619a829887bd54fff3ed  avia-builder-el-4  el_after_av_heading  el_before_av_hr  toggle_close_all ' >\n<section class='av_toggle_section av-av_toggle-1bf5a49e7cbf6920c409f4a009de124d'  itemscope=\"itemscope\" itemtype=\"https:\/\/schema.org\/CreativeWork\" ><div role=\"tablist\" class=\"single_toggle\" data-tags=\"{Todo} \"  ><p data-fake-id='#toggle-id-1' class='toggler   '  itemprop=\"headline\"  role='tab' tabindex='0' aria-controls='toggle-id-1'>Sin presurizaci\u00f3n del dep\u00f3sito.<span class=\"toggle_icon\"><span class=\"vert_icon\"><\/span><span class=\"hor_icon\"><\/span><\/span><\/p><div id='toggle-id-1' class='toggle_wrap  '  ><div class='toggle_content invers-color '  itemprop=\"text\" ><p style=\"text-align: justify;\">&#8211; Los sellos de los diversos elementos que se atornillan en el dep\u00f3sito (manguera, tapa). Apretar. Cambie los sellos ts si es necesario.<br \/>\n&#8211; El sello del conector giratorio de la manguera. Grasa. Cambie el sello si es necesario.<br \/>\n&#8211; El sello de la v\u00e1lvula. Engrase el sello o reemplace la v\u00e1lvula si la lubricaci\u00f3n no resuelve el problema.<br \/>\n&#8211; El estado de la bomba de sellado de pist\u00f3n. Grasa. Cambiar si es necesario.<\/p>\n<\/div><\/div><\/div><\/section>\n<section class='av_toggle_section av-av_toggle-1daee5fff3816ec9d8f9d59129f3d7af'  itemscope=\"itemscope\" itemtype=\"https:\/\/schema.org\/CreativeWork\" ><div role=\"tablist\" class=\"single_toggle\" data-tags=\"{Todo} \"  ><p data-fake-id='#toggle-id-2' class='toggler   '  itemprop=\"headline\"  role='tab' tabindex='0' aria-controls='toggle-id-2'>El l\u00edquido sube a la parte superior de la bomba cuerpo.<span class=\"toggle_icon\"><span class=\"vert_icon\"><\/span><span class=\"hor_icon\"><\/span><\/span><\/p><div id='toggle-id-2' class='toggle_wrap  '  ><div class='toggle_content invers-color '  itemprop=\"text\" ><p>&#8211; La presencia y el estado de la v\u00e1lvula en la parte inferior del cuerpo de la bomba. Si falta o est\u00e1 da\u00f1ado, reempl\u00e1celo.<\/p>\n<\/div><\/div><\/div><\/section>\n<section class='av_toggle_section av-av_toggle-1a866ca176c617094fa66587cd6d606b'  itemscope=\"itemscope\" itemtype=\"https:\/\/schema.org\/CreativeWork\" ><div role=\"tablist\" class=\"single_toggle\" data-tags=\"{Todo} \"  ><p data-fake-id='#toggle-id-3' class='toggler   '  itemprop=\"headline\"  role='tab' tabindex='0' aria-controls='toggle-id-3'>El l\u00edquido sale de la boquilla sin presionando el interruptor.<span class=\"toggle_icon\"><span class=\"vert_icon\"><\/span><span class=\"hor_icon\"><\/span><\/span><\/p><div id='toggle-id-3' class='toggle_wrap  '  ><div class='toggle_content invers-color '  itemprop=\"text\" ><p>&#8211; El estado de las articulaciones del pist\u00f3n de la manija. Limpiar. Reempl\u00e1celos si est\u00e1n da\u00f1ados.<\/p>\n<\/div><\/div><\/div><\/section>\n<section class='av_toggle_section av-av_toggle-f12e818cdce9e633e23e9d9826e58d59'  itemscope=\"itemscope\" itemtype=\"https:\/\/schema.org\/CreativeWork\" ><div role=\"tablist\" class=\"single_toggle\" data-tags=\"{Todo} \"  ><p data-fake-id='#toggle-id-4' class='toggler   '  itemprop=\"headline\"  role='tab' tabindex='0' aria-controls='toggle-id-4'>El dep\u00f3sito est\u00e1 presurizado, la v\u00e1lvula est\u00e1 activado pero el l\u00edquido no sale cuando presiona el interruptor de la lanza.<span class=\"toggle_icon\"><span class=\"vert_icon\"><\/span><span class=\"hor_icon\"><\/span><\/span><\/p><div id='toggle-id-4' class='toggle_wrap  '  ><div class='toggle_content invers-color '  itemprop=\"text\" ><p>&#8211; Que el circuito no est\u00e1 bloqueado en el filtro de la manija o en la boquilla. Limpiar.<br \/>\n&#8211; Que el tubo del \u00e9mbolo est\u00e1 acoplado a la tuber\u00eda.<\/p>\n<\/div><\/div><\/div><\/section>\n<section class='av_toggle_section av-av_toggle-a2cb66a719234557224d4cf953f42716'  itemscope=\"itemscope\" itemtype=\"https:\/\/schema.org\/CreativeWork\" ><div role=\"tablist\" class=\"single_toggle\" data-tags=\"{Todo} \"  ><p data-fake-id='#toggle-id-5' class='toggler   '  itemprop=\"headline\"  role='tab' tabindex='0' aria-controls='toggle-id-5'>La v\u00e1lvula funciona mal o no funciona en absoluto.<span class=\"toggle_icon\"><span class=\"vert_icon\"><\/span><span class=\"hor_icon\"><\/span><\/span><\/p><div id='toggle-id-5' class='toggle_wrap  '  ><div class='toggle_content invers-color '  itemprop=\"text\" ><p>&#8211; La condici\u00f3n de la junta de la v\u00e1lvula. Engrase la junta o reemplace la v\u00e1lvula si la lubricaci\u00f3n no es suficiente<\/p>\n<\/div><\/div><\/div><\/section>\n<\/div><br \/>\n<div  class='hr av-av_hr-dcd2069817a0e3d34ae04cad8f3443c7 hr-default  avia-builder-el-5  el_after_av_toggle_container  el_before_av_heading  '><span class='hr-inner '><span class=\"hr-inner-style\"><\/span><\/span><\/div><br \/>\n\n<style type=\"text\/css\" data-created_by=\"avia_inline_auto\" id=\"style-css-av-av_heading-349ec33994342dbdeac8d614f5ccb12a\">\n#top .av-special-heading.av-av_heading-349ec33994342dbdeac8d614f5ccb12a{\npadding-bottom:30px;\n}\n<\/style>\n<div  class='av-special-heading av-av_heading-349ec33994342dbdeac8d614f5ccb12a av-special-heading-h3 blockquote modern-quote  avia-builder-el-6  el_after_av_hr  el_before_av_toggle_container  '><h3 class='av-special-heading-tag '  itemprop=\"headline\"  >PULVERIZADORES DE MOCHILLA &#8211; PISTON<\/h3><div class='special-heading-border'><div class='special-heading-inner-border'><\/div><\/div><\/div><br \/>\n<div  class='togglecontainer av-av_toggle_container-8e0c6e39d39b619a829887bd54fff3ed  avia-builder-el-7  el_after_av_heading  avia-builder-el-last  toggle_close_all ' >\n<section class='av_toggle_section av-av_toggle-1aa5ce13a3f270e2f67145f1ce7d6bf2'  itemscope=\"itemscope\" itemtype=\"https:\/\/schema.org\/CreativeWork\" ><div role=\"tablist\" class=\"single_toggle\" data-tags=\"{Todo} \"  ><p data-fake-id='#toggle-id-6' class='toggler   '  itemprop=\"headline\"  role='tab' tabindex='0' aria-controls='toggle-id-6'>La falta de presi\u00f3n en la c\u00e1mara de aire<span class=\"toggle_icon\"><span class=\"vert_icon\"><\/span><span class=\"hor_icon\"><\/span><\/span><\/p><div id='toggle-id-6' class='toggle_wrap  '  ><div class='toggle_content invers-color '  itemprop=\"text\" ><p>Que el filtro de succi\u00f3n no est\u00e9 obstruido. Limpie si es necesario.<br \/>\nEl sello entre el cilindro y la c\u00e1mara de aire. Apretar. Reemplace la c\u00e1mara de aire si es necesario.<br \/>\nLa condici\u00f3n del sello del pist\u00f3n. Lubricar o reemplazar si est\u00e1 da\u00f1ado<\/p>\n<\/div><\/div><\/div><\/section>\n<section class='av_toggle_section av-av_toggle-a595e182459fe44811d2a7169eabef2f'  itemscope=\"itemscope\" itemtype=\"https:\/\/schema.org\/CreativeWork\" ><div role=\"tablist\" class=\"single_toggle\" data-tags=\"{Todo} \"  ><p data-fake-id='#toggle-id-7' class='toggler   '  itemprop=\"headline\"  role='tab' tabindex='0' aria-controls='toggle-id-7'>Fuga del pist\u00f3n<span class=\"toggle_icon\"><span class=\"vert_icon\"><\/span><span class=\"hor_icon\"><\/span><\/span><\/p><div id='toggle-id-7' class='toggle_wrap  '  ><div class='toggle_content invers-color '  itemprop=\"text\" ><p>La condici\u00f3n del sello del pist\u00f3n. Lubrique o reemplace si est\u00e1 da\u00f1ado.<\/p>\n<\/div><\/div><\/div><\/section>\n<section class='av_toggle_section av-av_toggle-fa3847b1a61fe4de79bcef86134ed3d9'  itemscope=\"itemscope\" itemtype=\"https:\/\/schema.org\/CreativeWork\" ><div role=\"tablist\" class=\"single_toggle\" data-tags=\"{Todo} \"  ><p data-fake-id='#toggle-id-8' class='toggler   '  itemprop=\"headline\"  role='tab' tabindex='0' aria-controls='toggle-id-8'>La condici\u00f3n del sello del pist\u00f3n. Lubrique o reemplace si est\u00e1 da\u00f1ado.<span class=\"toggle_icon\"><span class=\"vert_icon\"><\/span><span class=\"hor_icon\"><\/span><\/span><\/p><div id='toggle-id-8' class='toggle_wrap  '  ><div class='toggle_content invers-color '  itemprop=\"text\" ><p>Que el interruptor de la manija no est\u00e1 bloqueado. Operar, liberar. Reemplace el mango si el interruptor est\u00e1 bloqueado.<\/p>\n<\/div><\/div><\/div><\/section>\n<section class='av_toggle_section av-av_toggle-f472afb7f7de5b11a8b64a24fb48d89e'  itemscope=\"itemscope\" itemtype=\"https:\/\/schema.org\/CreativeWork\" ><div role=\"tablist\" class=\"single_toggle\" data-tags=\"{Todo} \"  ><p data-fake-id='#toggle-id-9' class='toggler   '  itemprop=\"headline\"  role='tab' tabindex='0' aria-controls='toggle-id-9'>La c\u00e1mara de aire est\u00e1 presurizada, pero el l\u00edquido no sale cuando se presiona el interruptor<span class=\"toggle_icon\"><span class=\"vert_icon\"><\/span><span class=\"hor_icon\"><\/span><\/span><\/p><div id='toggle-id-9' class='toggle_wrap  '  ><div class='toggle_content invers-color '  itemprop=\"text\" ><p>Que el circuito no est\u00e1 bloqueado en el filtro de mango o la boquilla. Limpiar.<br \/>\nQue la manguera no est\u00e1 doblada en la salida del tanque<\/p>\n<\/div><\/div><\/div><\/section>\n<section class='av_toggle_section av-av_toggle-b17ae754c4fa2a42d7a1c67781a7695a'  itemscope=\"itemscope\" itemtype=\"https:\/\/schema.org\/CreativeWork\" ><div role=\"tablist\" class=\"single_toggle\" data-tags=\"{Todo} \"  ><p data-fake-id='#toggle-id-10' class='toggler   '  itemprop=\"headline\"  role='tab' tabindex='0' aria-controls='toggle-id-10'>El pist\u00f3n est\u00e1 roto<span class=\"toggle_icon\"><span class=\"vert_icon\"><\/span><span class=\"hor_icon\"><\/span><\/span><\/p><div id='toggle-id-10' class='toggle_wrap  '  ><div class='toggle_content invers-color '  itemprop=\"text\" ><p>Que la palanca est\u00e9 montada correctamente en relaci\u00f3n con la posici\u00f3n de bombeo. Reemplace el pist\u00f3n<\/p>\n<\/div><\/div><\/div><\/section>\n<\/div><\/p><\/div>\n<style type=\"text\/css\" data-created_by=\"avia_inline_auto\" id=\"style-css-av-av_one_full-6126cab7d8fab8d08143dd2dacdf673c\">\n.flex_column.av-av_one_full-6126cab7d8fab8d08143dd2dacdf673c{\nborder-radius:0px 0px 0px 0px;\n-webkit-border-radius:0px 0px 0px 0px;\n-moz-border-radius:0px 0px 0px 0px;\n}\n<\/style>\n<div class='flex_column av-av_one_full-6126cab7d8fab8d08143dd2dacdf673c av_one_full  avia-builder-el-8  el_after_av_one_full  avia-builder-el-last  first flex_column_div av-zero-column-padding column-top-margin'   ><p>\n<style type=\"text\/css\" data-created_by=\"avia_inline_auto\" id=\"style-css-av-av_heading-0ae77b4d41725dd4ff38401c518e97d5\">\n#top .av-special-heading.av-av_heading-0ae77b4d41725dd4ff38401c518e97d5{\npadding-bottom:30px;\n}\n<\/style>\n<div  class='av-special-heading av-av_heading-0ae77b4d41725dd4ff38401c518e97d5 av-special-heading-h3 blockquote modern-quote  avia-builder-el-9  el_before_av_toggle_container  avia-builder-el-first  '><h3 class='av-special-heading-tag '  itemprop=\"headline\"  >PULVERIZADORES DE MOCHILLA &#8211; DIAPHRAGMA<\/h3><div class='special-heading-border'><div class='special-heading-inner-border'><\/div><\/div><\/div><br \/>\n<div  class='togglecontainer av-av_toggle_container-8e0c6e39d39b619a829887bd54fff3ed  avia-builder-el-10  el_after_av_heading  el_before_av_hr  toggle_close_all ' >\n<section class='av_toggle_section av-av_toggle-3027ee7cea3f2d45f927db608bbb1e96'  itemscope=\"itemscope\" itemtype=\"https:\/\/schema.org\/CreativeWork\" ><div role=\"tablist\" class=\"single_toggle\" data-tags=\"{Todo} \"  ><p data-fake-id='#toggle-id-11' class='toggler   '  itemprop=\"headline\"  role='tab' tabindex='0' aria-controls='toggle-id-11'> La falta de presi\u00f3n en la c\u00e1mara de aire<span class=\"toggle_icon\"><span class=\"vert_icon\"><\/span><span class=\"hor_icon\"><\/span><\/span><\/p><div id='toggle-id-11' class='toggle_wrap  '  ><div class='toggle_content invers-color '  itemprop=\"text\" ><p style=\"text-align: justify;\">&#8211; Los elementos de sellado ubicados entre la salida de la bomba y el extremo de la lanza. Si se producen fugas, apriete o reemplace el elemento defectuoso.<br \/>\n&#8211; La condici\u00f3n del sello de la c\u00e1mara de aire. Lubrique o reemplace si est\u00e1 da\u00f1ado.<br \/>\n&#8211; La presencia de v\u00e1lvulas y bomba. Reemplace si falta o est\u00e1 da\u00f1ado.<br \/>\n&#8211; La presencia de la v\u00e1lvula, el resorte y los sellos de la v\u00e1lvula de alivio de presi\u00f3n.<\/p>\n<\/div><\/div><\/div><\/section>\n<section class='av_toggle_section av-av_toggle-f58f421ea68fb5c9045b440f1d1b47e7'  itemscope=\"itemscope\" itemtype=\"https:\/\/schema.org\/CreativeWork\" ><div role=\"tablist\" class=\"single_toggle\" data-tags=\"{Todo} \"  ><p data-fake-id='#toggle-id-12' class='toggler   '  itemprop=\"headline\"  role='tab' tabindex='0' aria-controls='toggle-id-12'>La falta de presi\u00f3n en la c\u00e1mara de aire y las fugas de la bomba<span class=\"toggle_icon\"><span class=\"vert_icon\"><\/span><span class=\"hor_icon\"><\/span><\/span><\/p><div id='toggle-id-12' class='toggle_wrap  '  ><div class='toggle_content invers-color '  itemprop=\"text\" ><p>Que el diafragma est\u00e9 correctamente posicionado y en buenas condiciones. Reemplace si es necesario.<\/p>\n<\/div><\/div><\/div><\/section>\n<section class='av_toggle_section av-av_toggle-3951c01730679de579dbc36d78b26cb5'  itemscope=\"itemscope\" itemtype=\"https:\/\/schema.org\/CreativeWork\" ><div role=\"tablist\" class=\"single_toggle\" data-tags=\"{Todo} \"  ><p data-fake-id='#toggle-id-13' class='toggler   '  itemprop=\"headline\"  role='tab' tabindex='0' aria-controls='toggle-id-13'>El l\u00edquido escapa por la boquilla sin presionar el interruptor<span class=\"toggle_icon\"><span class=\"vert_icon\"><\/span><span class=\"hor_icon\"><\/span><\/span><\/p><div id='toggle-id-13' class='toggle_wrap  '  ><div class='toggle_content invers-color '  itemprop=\"text\" ><p>&#8211; The condition of the piston seals in the handle. Clean. Replace if damaged.<\/p>\n<\/div><\/div><\/div><\/section>\n<section class='av_toggle_section av-av_toggle-f472afb7f7de5b11a8b64a24fb48d89e'  itemscope=\"itemscope\" itemtype=\"https:\/\/schema.org\/CreativeWork\" ><div role=\"tablist\" class=\"single_toggle\" data-tags=\"{Todo} \"  ><p data-fake-id='#toggle-id-14' class='toggler   '  itemprop=\"headline\"  role='tab' tabindex='0' aria-controls='toggle-id-14'>La c\u00e1mara de aire est\u00e1 presurizada, pero el l\u00edquido no sale cuando se presiona el interruptor<span class=\"toggle_icon\"><span class=\"vert_icon\"><\/span><span class=\"hor_icon\"><\/span><\/span><\/p><div id='toggle-id-14' class='toggle_wrap  '  ><div class='toggle_content invers-color '  itemprop=\"text\" ><p>&#8211; That the circuit is not blocked around the quick connector, the handle filter and nozzle. Clean.<br \/>\n&#8211; That the quick connector is working properly by pressing the shut valve. Replace if damaged.<\/p>\n<\/div><\/div><\/div><\/section>\n<\/div><br \/>\n<div  class='hr av-av_hr-dcd2069817a0e3d34ae04cad8f3443c7 hr-default  avia-builder-el-11  el_after_av_toggle_container  el_before_av_heading  '><span class='hr-inner '><span class=\"hr-inner-style\"><\/span><\/span><\/div><br \/>\n\n<style type=\"text\/css\" data-created_by=\"avia_inline_auto\" id=\"style-css-av-av_heading-943247b8664ff647c5eaba639630118e\">\n#top .av-special-heading.av-av_heading-943247b8664ff647c5eaba639630118e{\npadding-bottom:10px;\n}\n<\/style>\n<div  class='av-special-heading av-av_heading-943247b8664ff647c5eaba639630118e av-special-heading-h3 blockquote modern-quote  avia-builder-el-12  el_after_av_hr  el_before_av_toggle_container  '><h3 class='av-special-heading-tag '  itemprop=\"headline\"  >PULVERIZADOR CON BATERIAS<\/h3><div class='special-heading-border'><div class='special-heading-inner-border'><\/div><\/div><\/div><br \/>\n<div  class='togglecontainer av-av_toggle_container-8e0c6e39d39b619a829887bd54fff3ed  avia-builder-el-13  el_after_av_heading  avia-builder-el-last  toggle_close_all ' >\n<section class='av_toggle_section av-av_toggle-4063b9338fadd21d9d6b9ef88bb9ee31'  itemscope=\"itemscope\" itemtype=\"https:\/\/schema.org\/CreativeWork\" ><div role=\"tablist\" class=\"single_toggle\" data-tags=\"{Todo} \"  ><p data-fake-id='#toggle-id-15' class='toggler   '  itemprop=\"headline\"  role='tab' tabindex='0' aria-controls='toggle-id-15'>Fugas entre el mango y el tubo de la pistola pulverizadora.<span class=\"toggle_icon\"><span class=\"vert_icon\"><\/span><span class=\"hor_icon\"><\/span><\/span><\/p><div id='toggle-id-15' class='toggle_wrap  '  ><div class='toggle_content invers-color '  itemprop=\"text\" ><p>Check for the presence and state of the seal and the plastic washer, put back in place or replace if necessary<\/p>\n<\/div><\/div><\/div><\/section>\n<section class='av_toggle_section av-av_toggle-4063b9338fadd21d9d6b9ef88bb9ee31'  itemscope=\"itemscope\" itemtype=\"https:\/\/schema.org\/CreativeWork\" ><div role=\"tablist\" class=\"single_toggle\" data-tags=\"{Todo} \"  ><p data-fake-id='#toggle-id-16' class='toggler   '  itemprop=\"headline\"  role='tab' tabindex='0' aria-controls='toggle-id-16'>Fugas entre el mango y el tubo de la pistola pulverizadora.<span class=\"toggle_icon\"><span class=\"vert_icon\"><\/span><span class=\"hor_icon\"><\/span><\/span><\/p><div id='toggle-id-16' class='toggle_wrap  '  ><div class='toggle_content invers-color '  itemprop=\"text\" ><p>Aseg\u00farese de que el filtro de succi\u00f3n en el fondo del tanque est\u00e9 limpio. L\u00edmpielo si es necesario.<br \/>\nAseg\u00farese de que la boquilla no est\u00e9 bloqueada. Limpie si es necesario.<br \/>\nAseg\u00farese de que los tubos de succi\u00f3n y descarga no est\u00e9n atrapados (desmantelamiento descrito en el cap\u00edtulo sobre &#8220;reemplazo de la bater\u00eda&#8221;). Si ninguno de estos casos es aplicable, reemplace la bater\u00eda.<\/p>\n<\/div><\/div><\/div><\/section>\n<section class='av_toggle_section av-av_toggle-4f025cea870e20ef76c6c10971158118'  itemscope=\"itemscope\" itemtype=\"https:\/\/schema.org\/CreativeWork\" ><div role=\"tablist\" class=\"single_toggle\" data-tags=\"{Todo} \"  ><p data-fake-id='#toggle-id-17' class='toggler   '  itemprop=\"headline\"  role='tab' tabindex='0' aria-controls='toggle-id-17'>El motor no est\u00e1 funcionando.<span class=\"toggle_icon\"><span class=\"vert_icon\"><\/span><span class=\"hor_icon\"><\/span><\/span><\/p><div id='toggle-id-17' class='toggle_wrap  '  ><div class='toggle_content invers-color '  itemprop=\"text\" ><p>Aseg\u00farese de que los terminales est\u00e9n conectados correctamente (desmontaje descrito en el cap\u00edtulo &#8220;sustituci\u00f3n de la bater\u00eda&#8221;).<br \/>\nSi los terminales est\u00e1n conectados correctamente, reemplace su bater\u00eda.<\/p>\n<\/div><\/div><\/div><\/section>\n<section class='av_toggle_section av-av_toggle-66e5e8a327deba7ac9ba1ed045740fc3'  itemscope=\"itemscope\" itemtype=\"https:\/\/schema.org\/CreativeWork\" ><div role=\"tablist\" class=\"single_toggle\" data-tags=\"{Todo} \"  ><p data-fake-id='#toggle-id-18' class='toggler   '  itemprop=\"headline\"  role='tab' tabindex='0' aria-controls='toggle-id-18'>Water leaking from the bottom of the device<span class=\"toggle_icon\"><span class=\"vert_icon\"><\/span><span class=\"hor_icon\"><\/span><\/span><\/p><div id='toggle-id-18' class='toggle_wrap  '  ><div class='toggle_content invers-color '  itemprop=\"text\" ><p>Verifique las conexiones y el estado de las tuber\u00edas de suministro y descarga de la bomba. Aprieta o reemplaza si es necesario.<br \/>\nVerifique la estanqueidad de la tuerca en el tubo del tanque.<\/p>\n<\/div><\/div><\/div><\/section>\n<\/div><\/p><\/div><\/p>\n","protected":false},"excerpt":{"rendered":"","protected":false},"author":4,"featured_media":0,"parent":0,"menu_order":0,"comment_status":"closed","ping_status":"closed","template":"","meta":{"_acf_changed":false,"footnotes":""},"class_list":["post-5668","page","type-page","status-publish","hentry"],"acf":[],"_links":{"self":[{"href":"https:\/\/www.cooper-pegler.com\/es\/wp-json\/wp\/v2\/pages\/5668","targetHints":{"allow":["GET"]}}],"collection":[{"href":"https:\/\/www.cooper-pegler.com\/es\/wp-json\/wp\/v2\/pages"}],"about":[{"href":"https:\/\/www.cooper-pegler.com\/es\/wp-json\/wp\/v2\/types\/page"}],"author":[{"embeddable":true,"href":"https:\/\/www.cooper-pegler.com\/es\/wp-json\/wp\/v2\/users\/4"}],"replies":[{"embeddable":true,"href":"https:\/\/www.cooper-pegler.com\/es\/wp-json\/wp\/v2\/comments?post=5668"}],"version-history":[{"count":5,"href":"https:\/\/www.cooper-pegler.com\/es\/wp-json\/wp\/v2\/pages\/5668\/revisions"}],"predecessor-version":[{"id":5764,"href":"https:\/\/www.cooper-pegler.com\/es\/wp-json\/wp\/v2\/pages\/5668\/revisions\/5764"}],"wp:attachment":[{"href":"https:\/\/www.cooper-pegler.com\/es\/wp-json\/wp\/v2\/media?parent=5668"}],"curies":[{"name":"wp","href":"https:\/\/api.w.org\/{rel}","templated":true}]}}