{"id":5466,"date":"2018-09-12T10:49:26","date_gmt":"2018-09-12T09:49:26","guid":{"rendered":"https:\/\/www.cooper-pegler.com\/?page_id=5466\/"},"modified":"2018-09-25T10:40:12","modified_gmt":"2018-09-25T09:40:12","slug":"calibrar","status":"publish","type":"page","link":"https:\/\/www.cooper-pegler.com\/es\/calibrar\/","title":{"rendered":"Calibrar"},"content":{"rendered":"\n<style type=\"text\/css\" data-created_by=\"avia_inline_auto\" id=\"style-css-av-av_section-6f70688e311378a7d4ee29e09f8cc4e5\">\n.avia-section.av-av_section-6f70688e311378a7d4ee29e09f8cc4e5 .av-parallax .av-parallax-inner{\nbackground-repeat:no-repeat;\nbackground-image:url(https:\/\/www.cooper-pegler.com\/wp-content\/uploads\/sites\/6\/2018\/09\/CALIBRAGE-1440x.jpg);\nbackground-position:0% 100%;\nbackground-attachment:scroll;\n}\n.avia-section.av-av_section-6f70688e311378a7d4ee29e09f8cc4e5 .av-section-color-overlay{\nopacity:0.2;\nbackground-color:#243488;\n}\n<\/style>\n<div id='av_section_1'  class='avia-section av-av_section-6f70688e311378a7d4ee29e09f8cc4e5 main_color avia-section-huge avia-no-border-styling  avia-builder-el-0  el_before_av_one_full  avia-builder-el-first  avia-full-stretch av-parallax-section avia-bg-style-parallax av-section-color-overlay-active  av-minimum-height av-minimum-height-50  container_wrap fullsize'  data-section-bg-repeat='stretch' data-av_minimum_height_pc='50'><div class='av-parallax' data-avia-parallax-ratio='0.3' ><div class='av-parallax-inner main_color avia-full-stretch'><\/div><\/div><div class='av-section-color-overlay-wrap'><div class=\"av-section-color-overlay\"><\/div><a href='#next-section' title='' class='scroll-down-link ' aria-hidden='true' data-av_icon='\ue877' data-av_iconfont='entypo-fontello'><\/a><div class='container av-section-cont-open' ><main  role=\"main\" itemprop=\"mainContentOfPage\"  class='template-page content  av-content-full alpha units'><div class='post-entry post-entry-type-page post-entry-5466'><div class='entry-content-wrapper clearfix'>\n\n<style type=\"text\/css\" data-created_by=\"avia_inline_auto\" id=\"style-css-av-av_heading-7326ca0c42ba8576772eee994adee1af\">\n#top .av-special-heading.av-av_heading-7326ca0c42ba8576772eee994adee1af{\npadding-bottom:10px;\ncolor:#ffffff;\n}\n.av-special-heading.av-av_heading-7326ca0c42ba8576772eee994adee1af .special-heading-inner-border{\nborder-color:#ffffff;\n}\n<\/style>\n<div  class='av-special-heading av-av_heading-7326ca0c42ba8576772eee994adee1af av-special-heading-h1 custom-color-heading blockquote modern-quote modern-centered  avia-builder-el-1  avia-builder-el-no-sibling  '><h1 class='av-special-heading-tag '  itemprop=\"headline\"  >C\u00f3mo calibrar ? <\/h1><div class='special-heading-border'><div class='special-heading-inner-border'><\/div><\/div><\/div>\n<\/div><\/div><\/main><!-- close content main element --><\/div><\/div><\/div><div id='after_section_1'  class='main_color av_default_container_wrap container_wrap fullsize'  ><div class='container av-section-cont-open' ><div class='template-page content  av-content-full alpha units'><div class='post-entry post-entry-type-page post-entry-5466'><div class='entry-content-wrapper clearfix'>\n\n<style type=\"text\/css\" data-created_by=\"avia_inline_auto\" id=\"style-css-av-av_one_full-6126cab7d8fab8d08143dd2dacdf673c\">\n.flex_column.av-av_one_full-6126cab7d8fab8d08143dd2dacdf673c{\nborder-radius:0px 0px 0px 0px;\n-webkit-border-radius:0px 0px 0px 0px;\n-moz-border-radius:0px 0px 0px 0px;\n}\n<\/style>\n<div class='flex_column av-av_one_full-6126cab7d8fab8d08143dd2dacdf673c av_one_full  avia-builder-el-2  el_after_av_section  el_before_av_textblock  avia-builder-el-first  first flex_column_div av-zero-column-padding '   ><section class=\"av_textblock_section \"  itemscope=\"itemscope\" itemtype=\"https:\/\/schema.org\/CreativeWork\" ><div class='avia_textblock  '   itemprop=\"text\" ><p><strong>Porqu\u00e9 calibrar su pulverizador ?<\/strong><\/p>\n<p>La calibraci\u00f3n consiste en definir y controlar con una prueba que los par\u00e1metros de aplicaci\u00f3n (altura de la boquilla, velocidad de marcha) son correctos, para tratar de manera m\u00e1s precisa y m\u00e1s justa. Al variar las condiciones definidas, el rendimiento y, de hecho, la cantidad de producto fitosanitario pueden variar sustancialmente :<\/p>\n<p><img loading=\"lazy\" decoding=\"async\" class=\"alignnone size-large wp-image-5456\" src=\"https:\/\/www.cooper-pegler.com\/wp-content\/uploads\/sites\/6\/2018\/09\/DANS-LE-TEXTE-TABLEAU-CALIBRAGE-ES-COOPER-1-1030x293.png\" alt=\"\" width=\"1030\" height=\"293\" srcset=\"https:\/\/www.cooper-pegler.com\/wp-content\/uploads\/sites\/6\/2018\/09\/DANS-LE-TEXTE-TABLEAU-CALIBRAGE-ES-COOPER-1-1030x293.png 1030w, https:\/\/www.cooper-pegler.com\/wp-content\/uploads\/sites\/6\/2018\/09\/DANS-LE-TEXTE-TABLEAU-CALIBRAGE-ES-COOPER-1-300x85.png 300w, https:\/\/www.cooper-pegler.com\/wp-content\/uploads\/sites\/6\/2018\/09\/DANS-LE-TEXTE-TABLEAU-CALIBRAGE-ES-COOPER-1-768x218.png 768w, https:\/\/www.cooper-pegler.com\/wp-content\/uploads\/sites\/6\/2018\/09\/DANS-LE-TEXTE-TABLEAU-CALIBRAGE-ES-COOPER-1-705x200.png 705w, https:\/\/www.cooper-pegler.com\/wp-content\/uploads\/sites\/6\/2018\/09\/DANS-LE-TEXTE-TABLEAU-CALIBRAGE-ES-COOPER-1-450x128.png 450w, https:\/\/www.cooper-pegler.com\/wp-content\/uploads\/sites\/6\/2018\/09\/DANS-LE-TEXTE-TABLEAU-CALIBRAGE-ES-COOPER-1.png 1292w\" sizes=\"auto, (max-width: 1030px) 100vw, 1030px\" \/><\/p>\n<p><a href=\"https:\/\/www.cooper-pegler.com\/wp-content\/uploads\/sites\/6\/2018\/09\/FICHIER-CALIBRAGE-TABLEAU-ES-CP-1.pdf\" target=\"_blank\" rel=\"noopener\">Descargar el PDF<\/a><\/p>\n<p style=\"text-align: justify;\">Para limitar las variaciones de presi\u00f3n, le recomendamos utilizar un limitador o regulador de presi\u00f3n:<br \/>\nintegrado en el CP 15 o disponible como accesorio;<\/p>\n<p><strong>Como calibrar su pulverizador ?<\/strong><\/p>\n<p>Le recomendamos calibrar su velocidad de trabajo por lo menos una vez por a\u00f1o.<br \/>\n1 &#8211; Verifique que la mochila funcione correctamente. Verifique la altura de la boquilla para obtener la cobertura definida.<br \/>\n2 &#8211; Determine una banda de prueba de anchura similar a la anchura de la boquilla elegida.<br \/>\n3 &#8211; Llene su pulverizador con agua y pulverize respetando las condiciones definidas (altura de la boquilla y velocidad<br \/>\nde marcha) en una superficie, por ejemplo 100 m\u00b2.<br \/>\n4 &#8211; Para calcular el rendimiento real (l\/ha), multiplique la cantidad pulverizada<br \/>\n(faltante en el tanque) por 100.<\/p>\n<p><strong>Ejemplo :<\/strong><br \/>\nSi 3 litros han sido pulverizados sobre 100 m2, el rendimiento es de: 3 x 100 = 300 l\/ha.<\/p>\n<p>Para una lectura r\u00e1pida y segura de la cantidad pulverizada en la zona de prueba, utilice la KALIBOTTLE para calibrar su mochila.<\/p>\n<\/div><\/section><\/div><section class=\"av_textblock_section \"  itemscope=\"itemscope\" itemtype=\"https:\/\/schema.org\/CreativeWork\" ><div class='avia_textblock  '   itemprop=\"text\" ><\/div><\/section><\/p>\n","protected":false},"excerpt":{"rendered":"","protected":false},"author":4,"featured_media":0,"parent":0,"menu_order":0,"comment_status":"closed","ping_status":"closed","template":"","meta":{"_acf_changed":false,"footnotes":""},"class_list":["post-5466","page","type-page","status-publish","hentry"],"acf":[],"_links":{"self":[{"href":"https:\/\/www.cooper-pegler.com\/es\/wp-json\/wp\/v2\/pages\/5466","targetHints":{"allow":["GET"]}}],"collection":[{"href":"https:\/\/www.cooper-pegler.com\/es\/wp-json\/wp\/v2\/pages"}],"about":[{"href":"https:\/\/www.cooper-pegler.com\/es\/wp-json\/wp\/v2\/types\/page"}],"author":[{"embeddable":true,"href":"https:\/\/www.cooper-pegler.com\/es\/wp-json\/wp\/v2\/users\/4"}],"replies":[{"embeddable":true,"href":"https:\/\/www.cooper-pegler.com\/es\/wp-json\/wp\/v2\/comments?post=5466"}],"version-history":[{"count":6,"href":"https:\/\/www.cooper-pegler.com\/es\/wp-json\/wp\/v2\/pages\/5466\/revisions"}],"predecessor-version":[{"id":5819,"href":"https:\/\/www.cooper-pegler.com\/es\/wp-json\/wp\/v2\/pages\/5466\/revisions\/5819"}],"wp:attachment":[{"href":"https:\/\/www.cooper-pegler.com\/es\/wp-json\/wp\/v2\/media?parent=5466"}],"curies":[{"name":"wp","href":"https:\/\/api.w.org\/{rel}","templated":true}]}}