{"id":5216,"date":"2018-09-11T14:53:51","date_gmt":"2018-09-11T13:53:51","guid":{"rendered":"https:\/\/www.cooper-pegler.com\/?page_id=5216\/"},"modified":"2018-09-13T13:55:49","modified_gmt":"2018-09-13T12:55:49","slug":"la-tecnologia-del-diafragma","status":"publish","type":"page","link":"https:\/\/www.cooper-pegler.com\/es\/la-tecnologia-del-diafragma\/","title":{"rendered":"La tecnolog\u00eda del diafragma"},"content":{"rendered":"\n<style type=\"text\/css\" data-created_by=\"avia_inline_auto\" id=\"style-css-av-av_section-4a3ec9cb5275e811a1aa74acc02ee273\">\n.avia-section.av-av_section-4a3ec9cb5275e811a1aa74acc02ee273 .av-parallax .av-parallax-inner{\nbackground-repeat:no-repeat;\nbackground-image:url(https:\/\/www.cooper-pegler.com\/wp-content\/uploads\/sites\/6\/2018\/09\/IMAGE-PRICIPALE-Diaphragm-technology-1440x.jpg);\nbackground-position:0% 100%;\nbackground-attachment:scroll;\n}\n.avia-section.av-av_section-4a3ec9cb5275e811a1aa74acc02ee273 .av-section-color-overlay{\nopacity:0.2;\nbackground-color:#243488;\n}\n<\/style>\n<div id='av_section_1'  class='avia-section av-av_section-4a3ec9cb5275e811a1aa74acc02ee273 main_color avia-section-huge avia-no-border-styling  avia-builder-el-0  el_before_av_one_full  avia-builder-el-first  avia-full-stretch av-parallax-section avia-bg-style-parallax av-section-color-overlay-active  av-minimum-height av-minimum-height-50  container_wrap fullsize'  data-section-bg-repeat='stretch' data-av_minimum_height_pc='50'><div class='av-parallax' data-avia-parallax-ratio='0.3' ><div class='av-parallax-inner main_color avia-full-stretch'><\/div><\/div><div class='av-section-color-overlay-wrap'><div class=\"av-section-color-overlay\"><\/div><a href='#next-section' title='' class='scroll-down-link ' aria-hidden='true' data-av_icon='\ue877' data-av_iconfont='entypo-fontello'><\/a><div class='container av-section-cont-open' ><main  role=\"main\" itemprop=\"mainContentOfPage\"  class='template-page content  av-content-full alpha units'><div class='post-entry post-entry-type-page post-entry-5216'><div class='entry-content-wrapper clearfix'>\n\n<style type=\"text\/css\" data-created_by=\"avia_inline_auto\" id=\"style-css-av-av_heading-6e6cdcd0f419154bc34ad32d43aa344b\">\n#top .av-special-heading.av-av_heading-6e6cdcd0f419154bc34ad32d43aa344b{\npadding-bottom:10px;\ncolor:#ffffff;\n}\n.av-special-heading.av-av_heading-6e6cdcd0f419154bc34ad32d43aa344b .special-heading-inner-border{\nborder-color:#ffffff;\n}\n<\/style>\n<div  class='av-special-heading av-av_heading-6e6cdcd0f419154bc34ad32d43aa344b av-special-heading-h1 custom-color-heading blockquote modern-quote modern-centered  avia-builder-el-1  avia-builder-el-no-sibling  '><h1 class='av-special-heading-tag '  itemprop=\"headline\"  >La tecnolog\u00eda del diafragma<\/h1><div class='special-heading-border'><div class='special-heading-inner-border'><\/div><\/div><\/div>\n<\/div><\/div><\/main><!-- close content main element --><\/div><\/div><\/div><div id='after_section_1'  class='main_color av_default_container_wrap container_wrap fullsize'  ><div class='container av-section-cont-open' ><div class='template-page content  av-content-full alpha units'><div class='post-entry post-entry-type-page post-entry-5216'><div class='entry-content-wrapper clearfix'>\n\n<style type=\"text\/css\" data-created_by=\"avia_inline_auto\" id=\"style-css-av-av_one_full-6126cab7d8fab8d08143dd2dacdf673c\">\n.flex_column.av-av_one_full-6126cab7d8fab8d08143dd2dacdf673c{\nborder-radius:0px 0px 0px 0px;\n-webkit-border-radius:0px 0px 0px 0px;\n-moz-border-radius:0px 0px 0px 0px;\n}\n<\/style>\n<div class='flex_column av-av_one_full-6126cab7d8fab8d08143dd2dacdf673c av_one_full  avia-builder-el-2  el_after_av_section  avia-builder-el-no-sibling  first flex_column_div av-zero-column-padding '   ><section class=\"av_textblock_section \"  itemscope=\"itemscope\" itemtype=\"https:\/\/schema.org\/CreativeWork\" ><div class='avia_textblock  '   itemprop=\"text\" ><p style=\"text-align: justify;\"><strong><span style=\"color: #004480;\">Durable, precisa y simplemente lo m\u00e0s eficiente<\/span><\/strong><\/p>\n<p style=\"text-align: justify;\" align=\"justify\">Las bombas de diafragma, utilizadas durante d\u00e9cadas, han sido aprobadas por su durabilidad, robustez y precisi\u00f3n: son perfectamente adaptadas a las aplicaciones intensivas en condiciones de trabajo extremas.<\/p>\n<p style=\"text-align: justify;\" align=\"justify\">Con m\u00ednima fricci\u00f3n entre el diafragma y las otras piezas, el bombeo resulta\u00a0<strong>muy f\u00e1cil y confortable<\/strong>\u00a0en comparaci\u00f3n con bombas de pist\u00f3n.<\/p>\n<p style=\"text-align: justify;\" align=\"justify\">Su rendimiento tambi\u00e9n es m\u00e0s alto (por golpe de bombeo).<br \/>\nDe hecho, los pulverizadores de diafr\u00e0gma CP no necesitan ninguna lubrificaci\u00f3n y muy poco mantenimiento (limpieza normal),\u00a0<strong>asegurando asi una larga vida<\/strong>.<br \/>\nResistencia: la bomba de diafragma acepta las particulas abrasivas, los polvos humectables y aguas con solidos sin riesgo<br \/>\nde da\u00f1ar el equipo.<\/p>\n<p style=\"text-align: justify;\" align=\"justify\">Su espesor combinado con su flexibilidad (mat\u00e9ria pl\u00e1stica espec\u00edfica: tecnopol\u00edmero) le da al diafragma CP una excelente hermeticidad y robustez garantizando durabilidad y buenos resultados al pulverizador.<\/p>\n<p style=\"text-align: justify;\" align=\"justify\">Siendo la pieza central de esta tecnolog\u00eda, el diafragma debe ser remplazado &#8211; cuando se da\u00f1a &#8211; por una pieza CP original: exija los diafragmas con marca CP, prueba visual de su autenticidad.<\/p>\n<p style=\"text-align: justify;\" align=\"justify\"><strong>El sistema de bomba de diafragma crea la presi\u00f3n a trav\u00e9s de la deformaci\u00f3n de un diafragma altamente flexible.<\/strong><\/p>\n<\/div><\/section><\/div>\n","protected":false},"excerpt":{"rendered":"","protected":false},"author":4,"featured_media":0,"parent":0,"menu_order":0,"comment_status":"closed","ping_status":"closed","template":"","meta":{"_acf_changed":false,"footnotes":""},"class_list":["post-5216","page","type-page","status-publish","hentry"],"acf":[],"_links":{"self":[{"href":"https:\/\/www.cooper-pegler.com\/es\/wp-json\/wp\/v2\/pages\/5216","targetHints":{"allow":["GET"]}}],"collection":[{"href":"https:\/\/www.cooper-pegler.com\/es\/wp-json\/wp\/v2\/pages"}],"about":[{"href":"https:\/\/www.cooper-pegler.com\/es\/wp-json\/wp\/v2\/types\/page"}],"author":[{"embeddable":true,"href":"https:\/\/www.cooper-pegler.com\/es\/wp-json\/wp\/v2\/users\/4"}],"replies":[{"embeddable":true,"href":"https:\/\/www.cooper-pegler.com\/es\/wp-json\/wp\/v2\/comments?post=5216"}],"version-history":[{"count":4,"href":"https:\/\/www.cooper-pegler.com\/es\/wp-json\/wp\/v2\/pages\/5216\/revisions"}],"predecessor-version":[{"id":5644,"href":"https:\/\/www.cooper-pegler.com\/es\/wp-json\/wp\/v2\/pages\/5216\/revisions\/5644"}],"wp:attachment":[{"href":"https:\/\/www.cooper-pegler.com\/es\/wp-json\/wp\/v2\/media?parent=5216"}],"curies":[{"name":"wp","href":"https:\/\/api.w.org\/{rel}","templated":true}]}}