{"id":5209,"date":"2018-09-11T14:46:43","date_gmt":"2018-09-11T13:46:43","guid":{"rendered":"https:\/\/www.cooper-pegler.com\/?page_id=5209\/"},"modified":"2018-09-13T13:53:52","modified_gmt":"2018-09-13T12:53:52","slug":"el-origen","status":"publish","type":"page","link":"https:\/\/www.cooper-pegler.com\/es\/el-origen\/","title":{"rendered":"El origen"},"content":{"rendered":"\n<style type=\"text\/css\" data-created_by=\"avia_inline_auto\" id=\"style-css-av-av_section-9b6abe2221d37e81ba6019da97bbee6d\">\n.avia-section.av-av_section-9b6abe2221d37e81ba6019da97bbee6d .av-parallax .av-parallax-inner{\nbackground-repeat:no-repeat;\nbackground-image:url(https:\/\/www.cooper-pegler.com\/wp-content\/uploads\/sites\/6\/2018\/09\/IMAGE-PRINCIPALE-The-Original-1440x.jpg);\nbackground-position:50% 50%;\nbackground-attachment:scroll;\n}\n.avia-section.av-av_section-9b6abe2221d37e81ba6019da97bbee6d .av-section-color-overlay{\nopacity:0.2;\nbackground-color:#243488;\n}\n<\/style>\n<div id='av_section_1'  class='avia-section av-av_section-9b6abe2221d37e81ba6019da97bbee6d main_color avia-section-huge avia-no-border-styling  avia-builder-el-0  el_before_av_one_full  avia-builder-el-first  avia-full-stretch av-parallax-section avia-bg-style-parallax av-section-color-overlay-active  av-minimum-height av-minimum-height-50  container_wrap fullsize'  data-section-bg-repeat='stretch' data-av_minimum_height_pc='50'><div class='av-parallax' data-avia-parallax-ratio='0.3' ><div class='av-parallax-inner main_color avia-full-stretch'><\/div><\/div><div class='av-section-color-overlay-wrap'><div class=\"av-section-color-overlay\"><\/div><a href='#next-section' title='' class='scroll-down-link ' aria-hidden='true' data-av_icon='\ue877' data-av_iconfont='entypo-fontello'><\/a><div class='container av-section-cont-open' ><main  role=\"main\" itemprop=\"mainContentOfPage\"  class='template-page content  av-content-full alpha units'><div class='post-entry post-entry-type-page post-entry-5209'><div class='entry-content-wrapper clearfix'>\n\n<style type=\"text\/css\" data-created_by=\"avia_inline_auto\" id=\"style-css-av-av_heading-77cf3445cc9a5dad1b01095b241040f2\">\n#top .av-special-heading.av-av_heading-77cf3445cc9a5dad1b01095b241040f2{\npadding-bottom:10px;\ncolor:#ffffff;\n}\n.av-special-heading.av-av_heading-77cf3445cc9a5dad1b01095b241040f2 .special-heading-inner-border{\nborder-color:#ffffff;\n}\n<\/style>\n<div  class='av-special-heading av-av_heading-77cf3445cc9a5dad1b01095b241040f2 av-special-heading-h1 custom-color-heading blockquote modern-quote modern-centered  avia-builder-el-1  avia-builder-el-no-sibling  '><h1 class='av-special-heading-tag '  itemprop=\"headline\"  >El origen<\/h1><div class='special-heading-border'><div class='special-heading-inner-border'><\/div><\/div><\/div>\n<\/div><\/div><\/main><!-- close content main element --><\/div><\/div><\/div><div id='after_section_1'  class='main_color av_default_container_wrap container_wrap fullsize'  ><div class='container av-section-cont-open' ><div class='template-page content  av-content-full alpha units'><div class='post-entry post-entry-type-page post-entry-5209'><div class='entry-content-wrapper clearfix'>\n\n<style type=\"text\/css\" data-created_by=\"avia_inline_auto\" id=\"style-css-av-av_one_full-6126cab7d8fab8d08143dd2dacdf673c\">\n.flex_column.av-av_one_full-6126cab7d8fab8d08143dd2dacdf673c{\nborder-radius:0px 0px 0px 0px;\n-webkit-border-radius:0px 0px 0px 0px;\n-moz-border-radius:0px 0px 0px 0px;\n}\n<\/style>\n<div class='flex_column av-av_one_full-6126cab7d8fab8d08143dd2dacdf673c av_one_full  avia-builder-el-2  el_after_av_section  el_before_av_textblock  avia-builder-el-first  first flex_column_div av-zero-column-padding '   ><section class=\"av_textblock_section \"  itemscope=\"itemscope\" itemtype=\"https:\/\/schema.org\/CreativeWork\" ><div class='avia_textblock  '   itemprop=\"text\" ><p style=\"text-align: justify;\"><span style=\"color: #004480;\"><strong>El origen<\/strong><\/span><\/p>\n<p style=\"text-align: justify;\">Un sello &#8220;THE ORIGINAL &#8211; since 1894&#8221; ha sido creado para identificar los aut\u00e9nticos productos CP: aparece en la etiqueta de los productos para valorizar esta diferencia con las copias.<br \/>\nEn los nuevos embalajes, encontrar\u00e1 tambi\u00e9n el siguiente texto:<span style=\"color: #3366cc;\"><i>\u00a0<\/i><\/span><span style=\"color: #004480;\"><i>&#8220;Cuidado con las copias ilegales: son productios contrahechos y de mala calidad. Este pulverizador es un aut\u00e9ntico Cooper Pegler, fabricado seg\u00f9n normas rigurosas, pruebas de fiabilidad y de eficacia en el tiempo.&#8221;<\/i><\/span><\/p>\n<p style=\"text-align: justify;\" align=\"justify\"><span style=\"color: #004480;\"><strong>Exijan las piezas originales!<\/strong><\/span><\/p>\n<p style=\"text-align: justify;\" align=\"justify\">La biela y el diafragma son las piezas-claves del buen funcionamiento y fiabilidad de las mochilas: su remplazo por piezas de menor calidad puede disminuir los resultados del producto o directamente da\u00f1arlo de manera irreversible. Para autentificar r\u00e1pidamente estas piezas, est\u00e0n ahora marcadas\u00a0<strong>con el logo Cooper Pegler.<\/strong><\/p>\n<p style=\"text-align: justify;\" align=\"left\"><span style=\"color: #004480;\"><strong>Nuevos embalajes:<\/strong><\/span><\/p>\n<p style=\"text-align: justify;\" align=\"justify\">Toda la l\u00ednea gr\u00e1fica de los embalajes ha sido renovada para dar una<strong>\u00a0mejor visibilidad y legibilidad<\/strong>\u00a0a los productos CP.<\/p>\n<p style=\"text-align: justify;\" align=\"justify\">Guardando la coherencia con la imagen de marca de CP, los nuevos embalajes muestran informaciones\u00a0<strong>m\u00e1s t\u00e9cnicas y las ventajas<br \/>\npara los consumidores as\u00f3ciadas<\/strong>, con el objetivo de valorizar las diferencias frente a la competencia.<\/p>\n<\/div><\/section><\/div>\n<section class=\"av_textblock_section \"  itemscope=\"itemscope\" itemtype=\"https:\/\/schema.org\/CreativeWork\" ><div class='avia_textblock  '   itemprop=\"text\" ><\/div><\/section>\n","protected":false},"excerpt":{"rendered":"","protected":false},"author":4,"featured_media":0,"parent":0,"menu_order":0,"comment_status":"closed","ping_status":"closed","template":"","meta":{"_acf_changed":false,"footnotes":""},"class_list":["post-5209","page","type-page","status-publish","hentry"],"acf":[],"_links":{"self":[{"href":"https:\/\/www.cooper-pegler.com\/es\/wp-json\/wp\/v2\/pages\/5209","targetHints":{"allow":["GET"]}}],"collection":[{"href":"https:\/\/www.cooper-pegler.com\/es\/wp-json\/wp\/v2\/pages"}],"about":[{"href":"https:\/\/www.cooper-pegler.com\/es\/wp-json\/wp\/v2\/types\/page"}],"author":[{"embeddable":true,"href":"https:\/\/www.cooper-pegler.com\/es\/wp-json\/wp\/v2\/users\/4"}],"replies":[{"embeddable":true,"href":"https:\/\/www.cooper-pegler.com\/es\/wp-json\/wp\/v2\/comments?post=5209"}],"version-history":[{"count":5,"href":"https:\/\/www.cooper-pegler.com\/es\/wp-json\/wp\/v2\/pages\/5209\/revisions"}],"predecessor-version":[{"id":5736,"href":"https:\/\/www.cooper-pegler.com\/es\/wp-json\/wp\/v2\/pages\/5209\/revisions\/5736"}],"wp:attachment":[{"href":"https:\/\/www.cooper-pegler.com\/es\/wp-json\/wp\/v2\/media?parent=5209"}],"curies":[{"name":"wp","href":"https:\/\/api.w.org\/{rel}","templated":true}]}}