{"id":5198,"date":"2018-09-11T14:10:21","date_gmt":"2018-09-11T13:10:21","guid":{"rendered":"https:\/\/www.cooper-pegler.com\/?page_id=5198\/"},"modified":"2022-07-08T10:40:52","modified_gmt":"2022-07-08T09:40:52","slug":"la-marca-cp-2","status":"publish","type":"page","link":"https:\/\/www.cooper-pegler.com\/es\/la-marca-cp-2\/","title":{"rendered":"La marca CP"},"content":{"rendered":"\n<style type=\"text\/css\" data-created_by=\"avia_inline_auto\" id=\"style-css-av-eol6b2-c73a171c59e7b3bd5636803fcf41a322\">\n.avia-section.av-eol6b2-c73a171c59e7b3bd5636803fcf41a322 .av-parallax .av-parallax-inner{\nbackground-repeat:no-repeat;\nbackground-image:url(https:\/\/www.cooper-pegler.com\/wp-content\/uploads\/sites\/6\/2018\/09\/IMAGE-PRINCIPALE-Cooper-Pegler-Brand-1440x-1440x630.jpg);\nbackground-position:0% 100%;\nbackground-attachment:scroll;\n}\n.avia-section.av-eol6b2-c73a171c59e7b3bd5636803fcf41a322 .av-section-color-overlay{\nopacity:0.2;\nbackground-color:#243488;\n}\n<\/style>\n<div id='av_section_1'  class='avia-section av-eol6b2-c73a171c59e7b3bd5636803fcf41a322 main_color avia-section-huge avia-no-border-styling  avia-builder-el-0  el_before_av_one_half  avia-builder-el-first  avia-full-stretch av-parallax-section avia-bg-style-parallax av-section-color-overlay-active  av-minimum-height av-minimum-height-50  container_wrap fullsize'  data-section-bg-repeat='stretch' data-av_minimum_height_pc='50'><div class='av-parallax' data-avia-parallax-ratio='0.3' ><div class='av-parallax-inner main_color avia-full-stretch'><\/div><\/div><div class='av-section-color-overlay-wrap'><div class=\"av-section-color-overlay\"><\/div><a href='#next-section' title='' class='scroll-down-link ' aria-hidden='true' data-av_icon='\ue877' data-av_iconfont='entypo-fontello'><\/a><div class='container av-section-cont-open' ><main  role=\"main\" itemprop=\"mainContentOfPage\"  class='template-page content  av-content-full alpha units'><div class='post-entry post-entry-type-page post-entry-5198'><div class='entry-content-wrapper clearfix'>\n\n<style type=\"text\/css\" data-created_by=\"avia_inline_auto\" id=\"style-css-av-cwupzy-fa625cb4f101141a003a0dee02f872d7\">\n#top .av-special-heading.av-cwupzy-fa625cb4f101141a003a0dee02f872d7{\npadding-bottom:10px;\ncolor:#ffffff;\n}\n.av-special-heading.av-cwupzy-fa625cb4f101141a003a0dee02f872d7 .special-heading-inner-border{\nborder-color:#ffffff;\n}\n<\/style>\n<div  class='av-special-heading av-cwupzy-fa625cb4f101141a003a0dee02f872d7 av-special-heading-h1 custom-color-heading blockquote modern-quote modern-centered  avia-builder-el-1  avia-builder-el-no-sibling  '><h1 class='av-special-heading-tag '  itemprop=\"headline\"  >La marca CP<\/h1><div class='special-heading-border'><div class='special-heading-inner-border'><\/div><\/div><\/div>\n<\/div><\/div><\/main><!-- close content main element --><\/div><\/div><\/div><div id='after_section_1'  class='main_color av_default_container_wrap container_wrap fullsize'  ><div class='container av-section-cont-open' ><div class='template-page content  av-content-full alpha units'><div class='post-entry post-entry-type-page post-entry-5198'><div class='entry-content-wrapper clearfix'>\n\n<style type=\"text\/css\" data-created_by=\"avia_inline_auto\" id=\"style-css-av-a5h9f2-a9f78f3007982f76aa3a222a78a6937f\">\n.flex_column.av-a5h9f2-a9f78f3007982f76aa3a222a78a6937f{\nborder-radius:0px 0px 0px 0px;\n-webkit-border-radius:0px 0px 0px 0px;\n-moz-border-radius:0px 0px 0px 0px;\n}\n<\/style>\n<div class='flex_column av-a5h9f2-a9f78f3007982f76aa3a222a78a6937f av_one_half  avia-builder-el-2  el_after_av_section  el_before_av_one_half  avia-builder-el-first  first flex_column_div av-zero-column-padding '   ><section class=\"av_textblock_section \"  itemscope=\"itemscope\" itemtype=\"https:\/\/schema.org\/CreativeWork\" ><div class='avia_textblock  av_inherit_color '   itemprop=\"text\" ><p style=\"text-align: justify\" align=\"justify\"><strong><span style=\"color: #004480\">Cooper Pegler, el especialista de los profesionales<\/span><\/strong><\/p>\n<p style=\"text-align: justify\" align=\"justify\"><i>&#8220;La misi\u00f3n de Cooper Pegler es de dar a nuestros usuarios los medios fiables para obtener culturas sanas gracias a pulverizadores robustos, precisos y efficientes, f\u00e1ciles de usar y mantener.&#8221;<\/i><br \/>\nDe origen inglesa, la marca Cooper Pegler fue creada en 1894 y se ha especializado en el desarrollo y la fabricaci\u00f3n de pulverizadores manuales para los profesionales. En el 1995, Cooper Pegler ha integrado el grupo Hardi, y posteriormente en el 2007 el grupo Exel Industries, quien es el n\u00b01 mundial en pulverizaci\u00f3n.<br \/>\nSiempre al punto de la tecnolog\u00eda, estamos constantemente comprometidos en mantener y hacer crecer la fuerte reputaci\u00f3n que ha ganado Cooper Pegler, con productos de la m\u00e1s alta calidad y una gama amplia de piezas de recambio y accesorios.<\/p>\n<p style=\"text-align: justify\" align=\"left\"><strong><span style=\"color: #004480\">Especializaci\u00f3n<\/span><\/strong><\/p>\n<p style=\"text-align: justify\">Las mochilas son el coraz\u00f3n de la gama de Cooper Pegler. Gracias a los contactos permanentes con los fabricantes de productos fitosanitarios y al desarrollo continuo de los productos, la marca sigue respondiendo con eficiencia a las nuevas expectativas en t\u00e9rminos de seguridad, precisi\u00f3n y control:<br \/>\nla gama se extende hacia nuevos tipos de productos como pulverizadores con bater\u00eda el\u00e9ctrica, productos de Ultra Bajo Volumen y tambi\u00e9n pulverizadores con motor para grandes espacios, cubriendo as\u00ed todos los usos. La gama Maxi Pro de presi\u00f3n previa ha sido mejorada tambien para mayor confort y seguridad.<\/p>\n<p style=\"text-align: justify\" align=\"left\"><span style=\"color: #004480\"><strong>Producci\u00f3n &amp; Calidad<br \/>\n<\/strong><\/span><\/p>\n<p style=\"text-align: justify\">Nuestra empresa tiene una producci\u00f3n sofisticada y moderna.<br \/>\nLa fiabilidad y la precisi\u00f3n de los pulverizadores de alta calidad requieren los controles m\u00e1s estrictos en la producci\u00f3n: por eso los principales productos y componentes Cooper Pegler son ensemblados en nuestra f\u00e1brica en Francia por un equipo calificado y sensibilizado a la calidad.<br \/>\n&#8211; Mas del 95% de todos los componentes son ensembaldos por nosotros<br \/>\n&#8211; Certificaci\u00f3n ISO 9001 versi\u00f3n 2015<br \/>\n&#8211; Controles de calidad en 2000 horas de trabajo simulado y varios controles por d\u00eda en cada lote de producci\u00f3n<\/p>\n<\/div><\/section><br \/>\n\n<style type=\"text\/css\" data-created_by=\"avia_inline_auto\" id=\"style-css-av-7nndny-1a4d0ddc04be81d3d9dd59988c3b5a91\">\n.avia-image-container.av-7nndny-1a4d0ddc04be81d3d9dd59988c3b5a91 .av-image-caption-overlay-center{\ncolor:#ffffff;\n}\n<\/style>\n<div  class='avia-image-container av-7nndny-1a4d0ddc04be81d3d9dd59988c3b5a91 av-styling- avia-align-center  avia-builder-el-4  el_after_av_textblock  el_before_av_textblock  '  itemprop=\"image\" itemscope=\"itemscope\" itemtype=\"https:\/\/schema.org\/ImageObject\" ><div class=\"avia-image-container-inner\"><div class=\"avia-image-overlay-wrap\"><img decoding=\"async\" class='wp-image-6684 avia-img-lazy-loading-not-6684 avia_image' src=\"https:\/\/www.cooper-pegler.com\/wp-content\/uploads\/sites\/6\/2022\/06\/ISO-9001-287x300.jpg\" alt='' title='ISO-9001'  height=\"300\" width=\"287\"  itemprop=\"thumbnailUrl\" srcset=\"https:\/\/www.cooper-pegler.com\/wp-content\/uploads\/sites\/6\/2022\/06\/ISO-9001-287x300.jpg 287w, https:\/\/www.cooper-pegler.com\/wp-content\/uploads\/sites\/6\/2022\/06\/ISO-9001-768x804.jpg 768w, https:\/\/www.cooper-pegler.com\/wp-content\/uploads\/sites\/6\/2022\/06\/ISO-9001-674x705.jpg 674w, https:\/\/www.cooper-pegler.com\/wp-content\/uploads\/sites\/6\/2022\/06\/ISO-9001-450x471.jpg 450w, https:\/\/www.cooper-pegler.com\/wp-content\/uploads\/sites\/6\/2022\/06\/ISO-9001.jpg 860w\" sizes=\"(max-width: 287px) 100vw, 287px\" \/><\/div><\/div><\/div><br \/>\n<section class=\"av_textblock_section \"  itemscope=\"itemscope\" itemtype=\"https:\/\/schema.org\/CreativeWork\" ><div class='avia_textblock  av_inherit_color '   itemprop=\"text\" ><p style=\"text-align: justify\" align=\"justify\"><span style=\"color: #004480\">Educaci\u00f3n<\/span><\/p>\n<p align=\"justify\">Cooper Pegler forma parte del groupo EXEL Industrie. EXEL Industries es un grupo familiar franc\u00e9s cuya ambici\u00f3n es dise\u00f1ar, fabricar y comercializar bienes de equipo y servicios asociados que permitan a sus clientes ganar en eficacia y productividad, contribuyendo al mismo tiempo al placer de vivir, y a alcanzar sus objetivos medioambientales y sociales.<\/p>\n<p align=\"justify\"><strong><span style=\"color: #004480\">La cultura de la innovaci\u00f3n<\/span><\/strong><\/p>\n<p align=\"justify\">La investigaci\u00f3n y el desarrollo son uno de los motores del crecimiento y el \u00e9xito del grupo. Su dominio de numerosas tecnolog\u00edas de vanguardia y sus conocimientos t\u00e9cnicos le permiten ofrecer soluciones perfectamente adaptadas a cada sector industrial.<br \/>\nPara proteger sus innovaciones, EXEL Industries presenta regularmente patentes, de las cuales 1.867 est\u00e1n activas en muchos pa\u00edses.<\/p>\n<p align=\"justify\"><strong><span style=\"color: #004480\">Una organizaci\u00f3n multimarca y multirredes<\/span><\/strong><\/p>\n<p align=\"justify\">EXEL Industries ofrece una amplia gama de productos y utiliza la diversidad de redes de distribuci\u00f3n para cubrir y responder mejor a todo el mercado.<\/p>\n<p align=\"justify\"><strong><span style=\"color: #004480\">Una din\u00e1mica de crecimiento<\/span><\/strong><\/p>\n<p align=\"justify\">Desde su creaci\u00f3n, el Grupo ha experimentado un importante crecimiento interno y externo en cada uno de sus mercados, respaldado por una base estable de accionistas guiada por una estrategia de desarrollo a largo plazo.<br \/>\n&#8211; N\u00b01 mundial en protecci\u00f3n de plantas<br \/>\n&#8211; N\u00b03 mundial en protecci\u00f3n de materiales<br \/>\n&#8211; 3.546 empleados, el 40% de los cuales trabajan en el extranjero<br \/>\n&#8211; Filiales situadas en 27 pa\u00edses, en todos los continentes<br \/>\n&#8211; 48 centros industriales, 38 de ellos en Europa<br \/>\n&#8211; M\u00e1s de 1.867 patentes activas presentadas en muchos pa\u00edses<\/p>\n<\/div><\/section><\/p><\/div>\n\n<style type=\"text\/css\" data-created_by=\"avia_inline_auto\" id=\"style-css-av-5slr8e-b041d13ad27413359aac1908d1d8caa4\">\n.flex_column.av-5slr8e-b041d13ad27413359aac1908d1d8caa4{\nborder-radius:0px 0px 0px 0px;\n-webkit-border-radius:0px 0px 0px 0px;\n-moz-border-radius:0px 0px 0px 0px;\n}\n<\/style>\n<div class='flex_column av-5slr8e-b041d13ad27413359aac1908d1d8caa4 av_one_half  avia-builder-el-6  el_after_av_one_half  avia-builder-el-last  flex_column_div av-zero-column-padding '   ><p>\n<style type=\"text\/css\" data-created_by=\"avia_inline_auto\" id=\"style-css-av-4tmr5q-06dc913adb9848539a56e2b3bf8813ea\">\n.avia-image-container.av-4tmr5q-06dc913adb9848539a56e2b3bf8813ea .av-image-caption-overlay-center{\ncolor:#ffffff;\n}\n<\/style>\n<div  class='avia-image-container av-4tmr5q-06dc913adb9848539a56e2b3bf8813ea av-styling- avia-align-center  avia-builder-el-7  el_before_av_textblock  avia-builder-el-first  '  itemprop=\"image\" itemscope=\"itemscope\" itemtype=\"https:\/\/schema.org\/ImageObject\" ><div class=\"avia-image-container-inner\"><div class=\"avia-image-overlay-wrap\"><img decoding=\"async\" class='wp-image-5174 avia-img-lazy-loading-not-5174 avia_image' src=\"https:\/\/www.cooper-pegler.com\/wp-content\/uploads\/sites\/6\/2018\/09\/EMPLACEMENT-4-CP15-Evolution-2.jpg\" alt='' title='EMPLACEMENT 4 - CP15 Evolution (2)'  height=\"562\" width=\"850\"  itemprop=\"thumbnailUrl\" srcset=\"https:\/\/www.cooper-pegler.com\/wp-content\/uploads\/sites\/6\/2018\/09\/EMPLACEMENT-4-CP15-Evolution-2.jpg 850w, https:\/\/www.cooper-pegler.com\/wp-content\/uploads\/sites\/6\/2018\/09\/EMPLACEMENT-4-CP15-Evolution-2-300x198.jpg 300w, https:\/\/www.cooper-pegler.com\/wp-content\/uploads\/sites\/6\/2018\/09\/EMPLACEMENT-4-CP15-Evolution-2-768x508.jpg 768w, https:\/\/www.cooper-pegler.com\/wp-content\/uploads\/sites\/6\/2018\/09\/EMPLACEMENT-4-CP15-Evolution-2-705x466.jpg 705w, https:\/\/www.cooper-pegler.com\/wp-content\/uploads\/sites\/6\/2018\/09\/EMPLACEMENT-4-CP15-Evolution-2-450x298.jpg 450w\" sizes=\"(max-width: 850px) 100vw, 850px\" \/><\/div><\/div><\/div><br \/>\n<section class=\"av_textblock_section \"  itemscope=\"itemscope\" itemtype=\"https:\/\/schema.org\/CreativeWork\" ><div class='avia_textblock  '   itemprop=\"text\" ><p style=\"text-align: justify\"><span style=\"color: #004480\"><strong>Educaci\u00f3n<\/strong><\/span><\/p>\n<p style=\"text-align: justify\">La misi\u00f3n de Cooper Pegler no es solamente fabricar pulverizadores fiables y eficientes, sino tambi\u00e9n asegurarse que los usuarios tengan un conocimiento pr\u00e1ctico del producto y de su mantenimiento en el tiempo.<br \/>\nPor eso invertimos en programas de educaci\u00f3n continua y completos, directamente en el campo, para ense\u00f1ar los principales puntos como: manipulaci\u00f3n, mantenimiento, r\u00e9paraci\u00f3n y seguridad. Estos programas est\u00e1n elaborados a la medida para responder a las expectativas espec\u00edficas seg\u00fan los paises y los tipos de uso.<\/p>\n<p style=\"text-align: justify\" align=\"left\"><span style=\"color: #004480\"><strong>Servicio y atenci\u00f3n al cliente<\/strong><\/span><\/p>\n<p style=\"text-align: justify\" align=\"left\">Aseguramos el reemplazo de los componentes v\u00eda una red muy eficaz de fabricantes de productos agroqu\u00edmicos seleccionados, as\u00ed tambi\u00e9n como distribuidores y agentes para que los ususarios puedan encontrarlos r\u00e1pidamente en todo el mundo.<br \/>\nTambi\u00e9n, nos comprometemos en responder reactivamente con consejos pr\u00e1cticos y t\u00e9cnicos, sea por telefono o v\u00eda nuesta pagina web.<\/p>\n<p style=\"text-align: justify\" align=\"left\"><span style=\"color: #004480\"><strong>La marca Cooper Pegler<\/strong><\/span><\/p>\n<p style=\"text-align: justify\">Especialista en la tecnolog\u00eda de pulverizadores, Cooper Pegler est\u00e1 reconocida mundialmente por su concepci\u00f3n y fabricaci\u00f3n de productos de alta calidad.<br \/>\nLa marca se compromete a ofrecer en todos sus productos:<br \/>\n&#8211; Un dise\u00f1o robusto y ligero<br \/>\n&#8211; Una amplia gama de accesorios<br \/>\n&#8211; Muy pocas piezas de desgaste y bajo costo de mantenimiento<br \/>\n&#8211; La disponibilidad inmediata de piezas y recambio f\u00e1cil<\/p>\n<p style=\"text-align: justify\" align=\"left\"><strong><span style=\"color: #004480\">Lance y gatillo :<\/span><\/strong><\/p>\n<p style=\"text-align: justify\" align=\"left\">Un estand\u00e1r de alta calidad en toda la gama CP<br \/>\n&#8211; Durable y resistente a la corrosi\u00f3n<br \/>\n&#8211; Tubos reforzados de fibra de vidrio<br \/>\n&#8211; Muy ergon\u00f3mica (comfortable para un uso intensivo)<br \/>\n&#8211; Juntas redondas de Viton\u00ae para una buena resistencia qu\u00edmica<br \/>\n&#8211; Doble filtraci\u00f3n para proteger la boquilla<br \/>\n&#8211; Funci\u00f3n bloqueo de seguridad en posici\u00f3n &#8220;off&#8221;<br \/>\n&#8211; Pist\u00f3n de empu\u00f1adera en lat\u00f3n<\/p>\n<\/div><\/section><br \/>\n\n<style type=\"text\/css\" data-created_by=\"avia_inline_auto\" id=\"style-css-av-l441dowx-4bf30860f2545f61147230fcf6f99ce7\">\n.avia-image-container.av-l441dowx-4bf30860f2545f61147230fcf6f99ce7 .av-image-caption-overlay-center{\ncolor:#ffffff;\n}\n<\/style>\n<div  class='avia-image-container av-l441dowx-4bf30860f2545f61147230fcf6f99ce7 av-styling- avia-align-center  avia-builder-el-9  el_after_av_textblock  avia-builder-el-last  '  itemprop=\"image\" itemscope=\"itemscope\" itemtype=\"https:\/\/schema.org\/ImageObject\" ><div class=\"avia-image-container-inner\"><div class=\"avia-image-overlay-wrap\"><img decoding=\"async\" class='wp-image-6703 avia-img-lazy-loading-not-6703 avia_image' src=\"https:\/\/www.cooper-pegler.com\/wp-content\/uploads\/sites\/6\/2022\/07\/EXEL_Organigramme_Principales_marques_GB-1.png\" alt='' title='EXEL_Organigramme_Principales_marques_GB (1)'  height=\"722\" width=\"722\"  itemprop=\"thumbnailUrl\" srcset=\"https:\/\/www.cooper-pegler.com\/wp-content\/uploads\/sites\/6\/2022\/07\/EXEL_Organigramme_Principales_marques_GB-1.png 722w, https:\/\/www.cooper-pegler.com\/wp-content\/uploads\/sites\/6\/2022\/07\/EXEL_Organigramme_Principales_marques_GB-1-300x300.png 300w, https:\/\/www.cooper-pegler.com\/wp-content\/uploads\/sites\/6\/2022\/07\/EXEL_Organigramme_Principales_marques_GB-1-80x80.png 80w, https:\/\/www.cooper-pegler.com\/wp-content\/uploads\/sites\/6\/2022\/07\/EXEL_Organigramme_Principales_marques_GB-1-36x36.png 36w, https:\/\/www.cooper-pegler.com\/wp-content\/uploads\/sites\/6\/2022\/07\/EXEL_Organigramme_Principales_marques_GB-1-180x180.png 180w, https:\/\/www.cooper-pegler.com\/wp-content\/uploads\/sites\/6\/2022\/07\/EXEL_Organigramme_Principales_marques_GB-1-705x705.png 705w, https:\/\/www.cooper-pegler.com\/wp-content\/uploads\/sites\/6\/2022\/07\/EXEL_Organigramme_Principales_marques_GB-1-100x100.png 100w, https:\/\/www.cooper-pegler.com\/wp-content\/uploads\/sites\/6\/2022\/07\/EXEL_Organigramme_Principales_marques_GB-1-450x450.png 450w\" sizes=\"(max-width: 722px) 100vw, 722px\" \/><\/div><\/div><\/div><\/p><\/div>\n","protected":false},"excerpt":{"rendered":"","protected":false},"author":4,"featured_media":0,"parent":0,"menu_order":0,"comment_status":"closed","ping_status":"closed","template":"","meta":{"_acf_changed":false,"footnotes":""},"class_list":["post-5198","page","type-page","status-publish","hentry"],"acf":[],"_links":{"self":[{"href":"https:\/\/www.cooper-pegler.com\/es\/wp-json\/wp\/v2\/pages\/5198","targetHints":{"allow":["GET"]}}],"collection":[{"href":"https:\/\/www.cooper-pegler.com\/es\/wp-json\/wp\/v2\/pages"}],"about":[{"href":"https:\/\/www.cooper-pegler.com\/es\/wp-json\/wp\/v2\/types\/page"}],"author":[{"embeddable":true,"href":"https:\/\/www.cooper-pegler.com\/es\/wp-json\/wp\/v2\/users\/4"}],"replies":[{"embeddable":true,"href":"https:\/\/www.cooper-pegler.com\/es\/wp-json\/wp\/v2\/comments?post=5198"}],"version-history":[{"count":11,"href":"https:\/\/www.cooper-pegler.com\/es\/wp-json\/wp\/v2\/pages\/5198\/revisions"}],"predecessor-version":[{"id":6705,"href":"https:\/\/www.cooper-pegler.com\/es\/wp-json\/wp\/v2\/pages\/5198\/revisions\/6705"}],"wp:attachment":[{"href":"https:\/\/www.cooper-pegler.com\/es\/wp-json\/wp\/v2\/media?parent=5198"}],"curies":[{"name":"wp","href":"https:\/\/api.w.org\/{rel}","templated":true}]}}