{"id":1628,"date":"2016-12-22T17:43:57","date_gmt":"2016-12-22T16:43:57","guid":{"rendered":"https:\/\/cooper.tecnoma.fr\/history\/"},"modified":"2017-07-31T10:39:57","modified_gmt":"2017-07-31T09:39:57","slug":"history","status":"publish","type":"page","link":"https:\/\/www.cooper-pegler.com\/en\/history\/","title":{"rendered":"History"},"content":{"rendered":"\n<style type=\"text\/css\" data-created_by=\"avia_inline_auto\" id=\"style-css-av-av_section-bd03c6f69c6639e4f4a9159836c07163\">\n.avia-section.av-av_section-bd03c6f69c6639e4f4a9159836c07163 .av-parallax .av-parallax-inner{\nbackground-repeat:no-repeat;\nbackground-image:url(https:\/\/www.cooper-pegler.com\/wp-content\/uploads\/sites\/6\/2016\/12\/ok_Histoire1_1440.jpg);\nbackground-position:0% 100%;\nbackground-attachment:scroll;\n}\n.avia-section.av-av_section-bd03c6f69c6639e4f4a9159836c07163 .av-section-color-overlay{\nopacity:0.2;\nbackground-color:#b9ca00;\n}\n<\/style>\n<div id='av_section_1'  class='avia-section av-av_section-bd03c6f69c6639e4f4a9159836c07163 main_color avia-section-huge avia-no-border-styling  avia-builder-el-0  el_before_av_one_half  avia-builder-el-first  avia-full-stretch av-parallax-section avia-bg-style-parallax av-section-color-overlay-active  av-minimum-height av-minimum-height-25  container_wrap fullsize'  data-section-bg-repeat='stretch' data-av_minimum_height_pc='25'><div class='av-parallax' data-avia-parallax-ratio='0.3' ><div class='av-parallax-inner main_color avia-full-stretch'><\/div><\/div><div class='av-section-color-overlay-wrap'><div class=\"av-section-color-overlay\"><\/div><a href='#next-section' title='' class='scroll-down-link ' aria-hidden='true' data-av_icon='\ue877' data-av_iconfont='entypo-fontello'><\/a><div class='container av-section-cont-open' ><main  role=\"main\" itemprop=\"mainContentOfPage\"  class='template-page content  av-content-full alpha units'><div class='post-entry post-entry-type-page post-entry-1628'><div class='entry-content-wrapper clearfix'>\n\n<style type=\"text\/css\" data-created_by=\"avia_inline_auto\" id=\"style-css-av-av_heading-79151e7e1454076e3bcf03a01fdc0b66\">\n#top .av-special-heading.av-av_heading-79151e7e1454076e3bcf03a01fdc0b66{\npadding-bottom:10px;\ncolor:#ffffff;\n}\n.av-special-heading.av-av_heading-79151e7e1454076e3bcf03a01fdc0b66 .special-heading-inner-border{\nborder-color:#ffffff;\n}\n<\/style>\n<div  class='av-special-heading av-av_heading-79151e7e1454076e3bcf03a01fdc0b66 av-special-heading-h1 custom-color-heading blockquote modern-quote modern-centered  avia-builder-el-1  avia-builder-el-no-sibling  '><h1 class='av-special-heading-tag '  itemprop=\"headline\"  >History<\/h1><div class='special-heading-border'><div class='special-heading-inner-border'><\/div><\/div><\/div>\n<\/div><\/div><\/main><!-- close content main element --><\/div><\/div><\/div><div id='after_section_1'  class='main_color av_default_container_wrap container_wrap fullsize'  ><div class='container av-section-cont-open' ><div class='template-page content  av-content-full alpha units'><div class='post-entry post-entry-type-page post-entry-1628'><div class='entry-content-wrapper clearfix'>\n\n<style type=\"text\/css\" data-created_by=\"avia_inline_auto\" id=\"style-css-av-av_one_half-ccc41b1437e8ef8415a8890f7fa1a952\">\n.flex_column.av-av_one_half-ccc41b1437e8ef8415a8890f7fa1a952{\nborder-radius:0px 0px 0px 0px;\n-webkit-border-radius:0px 0px 0px 0px;\n-moz-border-radius:0px 0px 0px 0px;\n}\n<\/style>\n<div class='flex_column av-av_one_half-ccc41b1437e8ef8415a8890f7fa1a952 av_one_half  avia-builder-el-2  el_after_av_section  el_before_av_one_half  avia-builder-el-first  first flex_column_div  av-animated-generic left-to-right av-zero-column-padding '   ><p>\n<style type=\"text\/css\" data-created_by=\"avia_inline_auto\" id=\"style-css-av-av_heading-86e990c9a0f6429f8840f35e6075dab8\">\n#top .av-special-heading.av-av_heading-86e990c9a0f6429f8840f35e6075dab8{\npadding-bottom:10px;\n}\n<\/style>\n<div  class='av-special-heading av-av_heading-86e990c9a0f6429f8840f35e6075dab8 av-special-heading-h2 blockquote modern-quote  avia-builder-el-3  el_before_av_textblock  avia-builder-el-first  '><h2 class='av-special-heading-tag '  itemprop=\"headline\"  >Some background<\/h2><div class='special-heading-border'><div class='special-heading-inner-border'><\/div><\/div><\/div><br \/>\n<section class=\"av_textblock_section \"  itemscope=\"itemscope\" itemtype=\"https:\/\/schema.org\/CreativeWork\" ><div class='avia_textblock  '   itemprop=\"text\" ><p> <strong>The Tecnoma brand has been created in 1952<\/strong> by Vincent Ballu in order to bring practical solutions to the agricultural professionals and more specifically to the viticultural professionals. It is in his factory in France in the city of Epernay that the first straddler-tractor who revolutionized the treatment technic was born. Since 1952, Tecnoma always had the <strong>innovation for vocation<\/strong>. With such an experience in the professional field to his credit, Tecnoma turned to a <strong>larger audience in 1975 : amateur gardeners<\/strong>.<\/p>\n<\/div><\/section><\/p><\/div>\n\n<style type=\"text\/css\" data-created_by=\"avia_inline_auto\" id=\"style-css-av-av_one_half-5d86e5d684d9f93324bdd977194749d3\">\n.flex_column.av-av_one_half-5d86e5d684d9f93324bdd977194749d3{\nborder-radius:0px 0px 0px 0px;\n-webkit-border-radius:0px 0px 0px 0px;\n-moz-border-radius:0px 0px 0px 0px;\n}\n<\/style>\n<div class='flex_column av-av_one_half-5d86e5d684d9f93324bdd977194749d3 av_one_half  avia-builder-el-5  el_after_av_one_half  el_before_av_one_half  flex_column_div  av-animated-generic right-to-left av-zero-column-padding '   ><p>\n<style type=\"text\/css\" data-created_by=\"avia_inline_auto\" id=\"style-css-av-av_heading-8b0c0b5cdbccecc4dfc2651311767b48\">\n#top .av-special-heading.av-av_heading-8b0c0b5cdbccecc4dfc2651311767b48{\npadding-bottom:10px;\n}\n<\/style>\n<div  class='av-special-heading av-av_heading-8b0c0b5cdbccecc4dfc2651311767b48 av-special-heading-h2 blockquote modern-quote  avia-builder-el-6  el_before_av_textblock  avia-builder-el-first  '><h2 class='av-special-heading-tag '  itemprop=\"headline\"  >Goals<\/h2><div class='special-heading-border'><div class='special-heading-inner-border'><\/div><\/div><\/div><br \/>\n<section class=\"av_textblock_section \"  itemscope=\"itemscope\" itemtype=\"https:\/\/schema.org\/CreativeWork\" ><div class='avia_textblock  '   itemprop=\"text\" ><p> Offering more and more performing solutions, meet the highest expectations and constantly improve the ease of use of its sprayers.<\/p>\n<\/div><\/section><\/p><\/div>\n\n<style type=\"text\/css\" data-created_by=\"avia_inline_auto\" id=\"style-css-av-av_one_half-ccc41b1437e8ef8415a8890f7fa1a952\">\n.flex_column.av-av_one_half-ccc41b1437e8ef8415a8890f7fa1a952{\nborder-radius:0px 0px 0px 0px;\n-webkit-border-radius:0px 0px 0px 0px;\n-moz-border-radius:0px 0px 0px 0px;\n}\n<\/style>\n<div class='flex_column av-av_one_half-ccc41b1437e8ef8415a8890f7fa1a952 av_one_half  avia-builder-el-8  el_after_av_one_half  el_before_av_one_half  first flex_column_div  av-animated-generic left-to-right av-zero-column-padding column-top-margin'   ><p>\n<style type=\"text\/css\" data-created_by=\"avia_inline_auto\" id=\"style-css-av-av_heading-39b744d29e79f7315b9724186de0c637\">\n#top .av-special-heading.av-av_heading-39b744d29e79f7315b9724186de0c637{\npadding-bottom:10px;\n}\n<\/style>\n<div  class='av-special-heading av-av_heading-39b744d29e79f7315b9724186de0c637 av-special-heading-h2 blockquote modern-quote  avia-builder-el-9  el_before_av_textblock  avia-builder-el-first  '><h2 class='av-special-heading-tag '  itemprop=\"headline\"  >Dates to remember<\/h2><div class='special-heading-border'><div class='special-heading-inner-border'><\/div><\/div><\/div><br \/>\n<section class=\"av_textblock_section \"  itemscope=\"itemscope\" itemtype=\"https:\/\/schema.org\/CreativeWork\" ><div class='avia_textblock  '   itemprop=\"text\" ><ul>\n<li>In <strong>1976<\/strong>, the first pump entirely made of plastic for portable devices enters on the market. And of course, it is signed Tecnoma !<\/li>\n<li>In <strong>1984<\/strong>, the first telescopic lance is launched,<\/li>\n<li>In <strong>1989<\/strong>, membrane pump and curvilinear picton inventions,<\/li>\n<li>In <strong>1996<\/strong>, first Pulsar functioning with battery,<\/li>\n<li>In <strong>2005<\/strong>, new compression sprayers with integrated safety valve,<\/li>\n<li>In <strong>2007<\/strong>, the Herbastop 300 Can to weed without bending and the Pulsar 1,5 and 2 with unprecedented design,<\/li>\n<li>In <strong>2012<\/strong>, the misting range for terraces, gardens and individual misting : a freshness wave !<\/li>\n<li>In <strong>2016<\/strong>, the new PURE sprayer for a natural garden,<\/li>\n<li>In <strong>2017<\/strong>, the new comfort knapsack which get 2017 Design Observeur french label.<\/li>\n<\/ul>\n<\/div><\/section><\/p><\/div>\n\n<style type=\"text\/css\" data-created_by=\"avia_inline_auto\" id=\"style-css-av-av_one_half-5d86e5d684d9f93324bdd977194749d3\">\n.flex_column.av-av_one_half-5d86e5d684d9f93324bdd977194749d3{\nborder-radius:0px 0px 0px 0px;\n-webkit-border-radius:0px 0px 0px 0px;\n-moz-border-radius:0px 0px 0px 0px;\n}\n<\/style>\n<div class='flex_column av-av_one_half-5d86e5d684d9f93324bdd977194749d3 av_one_half  avia-builder-el-11  el_after_av_one_half  el_before_av_layout_row  avia-builder-el-last  flex_column_div  av-animated-generic right-to-left av-zero-column-padding column-top-margin'   ><style type=\"text\/css\" data-created_by=\"avia_inline_auto\" id=\"style-css-av-av_image-ff9e4018d6419f4466d8e38c9925840c\">\n.avia-image-container.av-av_image-ff9e4018d6419f4466d8e38c9925840c .av-image-caption-overlay-center{\ncolor:#ffffff;\n}\n<\/style>\n<div  class='avia-image-container av-av_image-ff9e4018d6419f4466d8e38c9925840c av-styling- avia_animated_image avia_animate_when_almost_visible top-to-bottom avia-align-center  avia-builder-el-12  avia-builder-el-no-sibling  '  itemprop=\"image\" itemscope=\"itemscope\" itemtype=\"https:\/\/schema.org\/ImageObject\" ><div class=\"avia-image-container-inner\"><div class=\"avia-image-overlay-wrap\"><img decoding=\"async\" class='wp-image-2449 avia-img-lazy-loading-not-2449 avia_image' src=\"https:\/\/www.cooper-pegler.com\/wp-content\/uploads\/sites\/6\/2016\/12\/histoire-3.jpg\" alt='' title='histoire-3'  height=\"686\" width=\"1030\"  itemprop=\"thumbnailUrl\" srcset=\"https:\/\/www.cooper-pegler.com\/wp-content\/uploads\/sites\/6\/2016\/12\/histoire-3.jpg 1030w, https:\/\/www.cooper-pegler.com\/wp-content\/uploads\/sites\/6\/2016\/12\/histoire-3-300x200.jpg 300w, https:\/\/www.cooper-pegler.com\/wp-content\/uploads\/sites\/6\/2016\/12\/histoire-3-768x512.jpg 768w, https:\/\/www.cooper-pegler.com\/wp-content\/uploads\/sites\/6\/2016\/12\/histoire-3-705x470.jpg 705w, https:\/\/www.cooper-pegler.com\/wp-content\/uploads\/sites\/6\/2016\/12\/histoire-3-450x300.jpg 450w\" sizes=\"(max-width: 1030px) 100vw, 1030px\" \/><\/div><\/div><\/div><\/div>\n<\/div><\/div><\/div><!-- close content main div --><\/div><\/div><div id='av-layout-grid-1'  class='av-layout-grid-container entry-content-wrapper main_color av-flex-cells     avia-builder-el-13  el_after_av_one_half  el_before_av_layout_row  submenu-not-first container_wrap fullsize'  >\n<div class=\"flex_cell no_margin av_one_half  avia-builder-el-14  el_before_av_cell_one_half  avia-builder-el-first   avia-full-stretch \"  style='height:500px; min-height:500px;background:url(https:\/\/www.cooper-pegler.com\/wp-content\/uploads\/sites\/6\/2016\/12\/histoire-2.jpg) center left no-repeat scroll; vertical-align:middle; padding:50px; ' ><div class='flex_cell_inner' ><\/div><\/div><div class=\"flex_cell no_margin av_one_half  avia-builder-el-15  el_after_av_cell_one_half  avia-builder-el-last   \"  style='height:500px; min-height:500px;vertical-align:middle; padding:4%; background-color:#098952; ' ><div class='flex_cell_inner' ><p>\n<style type=\"text\/css\" data-created_by=\"avia_inline_auto\" id=\"style-css-av-av_heading-9ac52c8eedea501bb9f0c3673f7108bd\">\n#top .av-special-heading.av-av_heading-9ac52c8eedea501bb9f0c3673f7108bd{\npadding-bottom:10px;\ncolor:#ffffff;\nfont-size:30px;\n}\n.av-special-heading.av-av_heading-9ac52c8eedea501bb9f0c3673f7108bd .special-heading-inner-border{\nborder-color:#ffffff;\n}\n<\/style>\n<div  class='av-special-heading av-av_heading-9ac52c8eedea501bb9f0c3673f7108bd av-special-heading-h2 custom-color-heading blockquote modern-quote  avia-builder-el-16  el_before_av_hr  avia-builder-el-first  av-inherit-size '><h2 class='av-special-heading-tag '  itemprop=\"headline\"  >Leading brand among amateur gardeners<\/h2><div class='special-heading-border'><div class='special-heading-inner-border'><\/div><\/div><\/div><br \/>\n\n<style type=\"text\/css\" data-created_by=\"avia_inline_auto\" id=\"style-css-av-av_hr-125677adc5a412197e704257ba4b8296\">\n#top .hr.av-av_hr-125677adc5a412197e704257ba4b8296{\nmargin-top:30px;\nmargin-bottom:30px;\n}\n.hr.av-av_hr-125677adc5a412197e704257ba4b8296 .hr-inner{\nwidth:50px;\n}\n<\/style>\n<div  class='hr av-av_hr-125677adc5a412197e704257ba4b8296 hr-custom  avia-builder-el-17  el_after_av_heading  el_before_av_textblock  hr-left hr-icon-no '><span class='hr-inner inner-border-av-border-fat'><span class=\"hr-inner-style\"><\/span><\/span><\/div><br \/>\n<section class=\"av_textblock_section \"  itemscope=\"itemscope\" itemtype=\"https:\/\/schema.org\/CreativeWork\" ><div class='avia_textblock  av_inherit_color '  style='color:#ffffff; '  itemprop=\"text\" ><p> Constant and intensive innovations made of Tecnoma a leading brand and well-known brand among amateur gardeners. It is part from the Exel Industries group, N\u00b01 of the worldwide spraying, recognized for its know-how in France and worldwide.<\/p>\n<p>Strong from its values and success in the &#8220;water mastering&#8221;, Tecnoma also designed a complete range of electrical pumps since 2001, always based on innovation and ease of use.<br \/>\n The proof in 2007 : Tecnoma revolutionizes the drain pumps market by launching the first ready-for-use 3in1 which evacuates clear waters, charged waters and vacuums on the ground.<\/p>\n<\/div><\/section><\/p>\n<\/div><\/div><\/div><div id='av-layout-grid-2'  class='av-layout-grid-container entry-content-wrapper main_color av-flex-cells     avia-builder-el-19  el_after_av_layout_row  el_before_av_section  submenu-not-first container_wrap fullsize'  >\n<div class=\"flex_cell no_margin av_one_half  avia-builder-el-20  el_before_av_cell_one_half  avia-builder-el-first   \"  style='height:500px; min-height:500px;vertical-align:middle; padding:4%; background-color:#b9ca00; ' ><div class='flex_cell_inner' ><p>\n<style type=\"text\/css\" data-created_by=\"avia_inline_auto\" id=\"style-css-av-av_heading-ac17eb8e388a94f437e89161bcc348c2\">\n#top .av-special-heading.av-av_heading-ac17eb8e388a94f437e89161bcc348c2{\npadding-bottom:10px;\ncolor:#ffffff;\nfont-size:30px;\n}\n.av-special-heading.av-av_heading-ac17eb8e388a94f437e89161bcc348c2 .special-heading-inner-border{\nborder-color:#ffffff;\n}\n<\/style>\n<div  class='av-special-heading av-av_heading-ac17eb8e388a94f437e89161bcc348c2 av-special-heading-h2 custom-color-heading blockquote modern-quote  avia-builder-el-21  el_before_av_hr  avia-builder-el-first  av-inherit-size '><h2 class='av-special-heading-tag '  itemprop=\"headline\"  >An innovative brand<\/h2><div class='special-heading-border'><div class='special-heading-inner-border'><\/div><\/div><\/div><br \/>\n\n<style type=\"text\/css\" data-created_by=\"avia_inline_auto\" id=\"style-css-av-av_hr-3dd9b2dd3f4ab7abdbeb3eb3cdd44de4\">\n#top .hr.av-av_hr-3dd9b2dd3f4ab7abdbeb3eb3cdd44de4{\nmargin-top:30px;\nmargin-bottom:30px;\n}\n.hr.av-av_hr-3dd9b2dd3f4ab7abdbeb3eb3cdd44de4 .hr-inner{\nwidth:50px;\nborder-color:#ffffff;\n}\n<\/style>\n<div  class='hr av-av_hr-3dd9b2dd3f4ab7abdbeb3eb3cdd44de4 hr-custom  avia-builder-el-22  el_after_av_heading  el_before_av_textblock  hr-left hr-icon-no '><span class='hr-inner inner-border-av-border-fat'><span class=\"hr-inner-style\"><\/span><\/span><\/div><br \/>\n<section class=\"av_textblock_section \"  itemscope=\"itemscope\" itemtype=\"https:\/\/schema.org\/CreativeWork\" ><div class='avia_textblock  av_inherit_color '  style='color:#ffffff; '  itemprop=\"text\" ><p> &#8220;Tecnoma is the modern, dynamic, actual, sympathic, consumers, communicative and international brand who adapts in a innovative way to the consumers needs.<\/p>\n<p>With a large and deep brand and qualitative products with attractive design, Tecnoma is synonym for pleasure and garden.&#8221;<\/p>\n<\/div><\/section><\/p>\n<\/div><\/div><div class=\"flex_cell no_margin av_one_half  avia-builder-el-24  el_after_av_cell_one_half  avia-builder-el-last   avia-full-stretch av-zero-padding \"  style='height:500px; min-height:500px;background:url(https:\/\/www.cooper-pegler.com\/wp-content\/uploads\/sites\/6\/2016\/12\/histoire.jpg) center center no-repeat scroll; vertical-align:top; padding:0; ' ><div class='flex_cell_inner' ><\/div><\/div>\n<\/div><\/p>\n<div id='av_section_2'  class='avia-section av-av_section-773bb6d9525119f457c9934c85c049cb alternate_color avia-section-large avia-no-border-styling  avia-builder-el-25  el_after_av_layout_row  el_before_av_section  avia-bg-style-scroll  container_wrap fullsize'  ><div class='container av-section-cont-open' ><div class='template-page content  av-content-full alpha units'><div class='post-entry post-entry-type-page post-entry-1628'><div class='entry-content-wrapper clearfix'>\n\n<style type=\"text\/css\" data-created_by=\"avia_inline_auto\" id=\"style-css-av-av_heading-2a082861d45ed8566ad6e12099a6a6fe\">\n#top .av-special-heading.av-av_heading-2a082861d45ed8566ad6e12099a6a6fe{\npadding-bottom:10px;\nfont-size:30px;\n}\n<\/style>\n<div  class='av-special-heading av-av_heading-2a082861d45ed8566ad6e12099a6a6fe av-special-heading-h3 blockquote modern-quote modern-centered  avia-builder-el-26  el_before_av_hr  avia-builder-el-first  av-inherit-size '><h3 class='av-special-heading-tag '  itemprop=\"headline\"  >Tecnoma values<\/h3><div class='special-heading-border'><div class='special-heading-inner-border'><\/div><\/div><\/div>\n\n<style type=\"text\/css\" data-created_by=\"avia_inline_auto\" id=\"style-css-av-av_hr-7de9e48bc1c67ada1c144024257a3f59\">\n#top .hr.av-av_hr-7de9e48bc1c67ada1c144024257a3f59{\nmargin-top:30px;\nmargin-bottom:30px;\n}\n.hr.av-av_hr-7de9e48bc1c67ada1c144024257a3f59 .hr-inner{\nwidth:50px;\n}\n<\/style>\n<div  class='hr av-av_hr-7de9e48bc1c67ada1c144024257a3f59 hr-custom  avia-builder-el-27  el_after_av_heading  el_before_av_one_half  hr-center hr-icon-no '><span class='hr-inner inner-border-av-border-fat'><span class=\"hr-inner-style\"><\/span><\/span><\/div>\n<div class='flex_column av-av_one_half-2a9015ff38129c418a3f2eafba3e9512 av_one_half  avia-builder-el-28  el_after_av_hr  el_before_av_one_half  first flex_column_div '   ><article  class=\"iconbox iconbox_left_content av-av_icon_box-c189d2cc03e9ba3ca3873682d22b5b81  avia-builder-el-29  avia-builder-el-no-sibling  \"  itemscope=\"itemscope\" itemtype=\"https:\/\/schema.org\/CreativeWork\" ><div class=\"iconbox_icon heading-color\" aria-hidden='true' data-av_icon='\ue864' data-av_iconfont='entypo-fontello'><\/div><div class=\"iconbox_content\"><header class=\"entry-content-header\"><h3 class='iconbox_content_title  '  itemprop=\"headline\" >Innovation and easy to use<\/h3><\/header><div class='iconbox_content_container  '  itemprop=\"text\" ><p> Des produits innovants et con\u00e7us pour \u00eatre faciles \u00e0 utiliser<\/p>\n<\/div><\/div><footer class=\"entry-footer\"><\/footer><\/article><\/div>\n<style type=\"text\/css\" data-created_by=\"avia_inline_auto\" id=\"style-css-av-av_one_half-0aa7055fe62c3622faec82866afbaeb2\">\n.flex_column.av-av_one_half-0aa7055fe62c3622faec82866afbaeb2{\nborder-radius:0px 0px 0px 0px;\n-webkit-border-radius:0px 0px 0px 0px;\n-moz-border-radius:0px 0px 0px 0px;\n}\n<\/style>\n<div class='flex_column av-av_one_half-0aa7055fe62c3622faec82866afbaeb2 av_one_half  avia-builder-el-30  el_after_av_one_half  el_before_av_one_half  flex_column_div av-zero-column-padding '   ><article  class=\"iconbox iconbox_left_content av-av_icon_box-18a17a6a4c04ba50b27d3f3d338b708e  avia-builder-el-31  avia-builder-el-no-sibling  \"  itemscope=\"itemscope\" itemtype=\"https:\/\/schema.org\/CreativeWork\" ><div class=\"iconbox_icon heading-color\" aria-hidden='true' data-av_icon='\ue812' data-av_iconfont='entypo-fontello'><\/div><div class=\"iconbox_content\"><header class=\"entry-content-header\"><h3 class='iconbox_content_title  '  itemprop=\"headline\" >Reliability and safety<\/h3><\/header><div class='iconbox_content_container  '  itemprop=\"text\" ><p> Les produits Tecnoma sont fabriqu\u00e9s en France et b\u00e9n\u00e9ficient d&#8217;une garantie et d&#8217;un SAV irr\u00e9prochables<\/p>\n<\/div><\/div><footer class=\"entry-footer\"><\/footer><\/article><\/div><div class='flex_column av-av_one_half-2a9015ff38129c418a3f2eafba3e9512 av_one_half  avia-builder-el-32  el_after_av_one_half  el_before_av_one_half  first flex_column_div column-top-margin'   ><article  class=\"iconbox iconbox_left_content av-av_icon_box-f5e8fb30cadc9945e62edf33dfa95816  avia-builder-el-33  avia-builder-el-no-sibling  \"  itemscope=\"itemscope\" itemtype=\"https:\/\/schema.org\/CreativeWork\" ><div class=\"iconbox_icon heading-color\" aria-hidden='true' data-av_icon='\ue826' data-av_iconfont='entypo-fontello'><\/div><div class=\"iconbox_content\"><header class=\"entry-content-header\"><h3 class='iconbox_content_title  '  itemprop=\"headline\" >Design<\/h3><\/header><div class='iconbox_content_container  '  itemprop=\"text\" ><p>Les produits Tecnoma sont \u00e9tudi\u00e9s pour que leur design apporte confort d&#8217;utilisation et facilit\u00e9 de rangement<\/p>\n<\/div><\/div><footer class=\"entry-footer\"><\/footer><\/article><\/div>\n<style type=\"text\/css\" data-created_by=\"avia_inline_auto\" id=\"style-css-av-av_one_half-0aa7055fe62c3622faec82866afbaeb2\">\n.flex_column.av-av_one_half-0aa7055fe62c3622faec82866afbaeb2{\nborder-radius:0px 0px 0px 0px;\n-webkit-border-radius:0px 0px 0px 0px;\n-moz-border-radius:0px 0px 0px 0px;\n}\n<\/style>\n<div class='flex_column av-av_one_half-0aa7055fe62c3622faec82866afbaeb2 av_one_half  avia-builder-el-34  el_after_av_one_half  avia-builder-el-last  flex_column_div av-zero-column-padding column-top-margin'   ><article  class=\"iconbox iconbox_left_content av-av_icon_box-56cea761e4cdd1d9528bb50a75f3050f  avia-builder-el-35  avia-builder-el-no-sibling  \"  itemscope=\"itemscope\" itemtype=\"https:\/\/schema.org\/CreativeWork\" ><div class=\"iconbox_icon heading-color\" aria-hidden='true' data-av_icon='\ue8b1' data-av_iconfont='entypo-fontello'><\/div><div class=\"iconbox_content\"><header class=\"entry-content-header\"><h3 class='iconbox_content_title  '  itemprop=\"headline\" >Environment<\/h3><\/header><div class='iconbox_content_container  '  itemprop=\"text\" ><p> Les appareils Tecnoma sont pens\u00e9s pour une utilisation de pr\u00e9cision, respectueuse de l&#8217;environnement<\/p>\n<\/div><\/div><footer class=\"entry-footer\"><\/footer><\/article><\/div>\n\n<\/div><\/div><\/div><!-- close content main div --><\/div><\/div>\n<style type=\"text\/css\" data-created_by=\"avia_inline_auto\" id=\"style-css-av-av_section-8c8101bbb21cb47f9ae096e0557cd668\">\n.avia-section.av-av_section-8c8101bbb21cb47f9ae096e0557cd668 .av-parallax .av-parallax-inner{\nbackground-repeat:no-repeat;\nbackground-image:url(https:\/\/www.cooper-pegler.com\/wp-content\/uploads\/sites\/6\/2015\/03\/HOMEPAGE_desherber_1030x610.jpg);\nbackground-position:50% 50%;\nbackground-attachment:scroll;\n}\n.avia-section.av-av_section-8c8101bbb21cb47f9ae096e0557cd668 .av-section-color-overlay{\nopacity:0.4;\nbackground-color:#619714;\n}\n<\/style>\n<div id='sign-up'  class='avia-section av-av_section-8c8101bbb21cb47f9ae096e0557cd668 main_color avia-section-default avia-no-shadow  avia-builder-el-36  el_after_av_section  avia-builder-el-last  av-parallax-section avia-bg-style-parallax av-section-color-overlay-active  container_wrap fullsize'  data-section-bg-repeat='no-repeat'><div class='av-parallax' data-avia-parallax-ratio='0.3' ><div class='av-parallax-inner main_color avia-full-stretch'><\/div><\/div><div class='av-section-color-overlay-wrap'><div class=\"av-section-color-overlay\"><\/div><div class='container av-section-cont-open' ><div class='template-page content  av-content-full alpha units'><div class='post-entry post-entry-type-page post-entry-1628'><div class='entry-content-wrapper clearfix'>\n\n<style type=\"text\/css\" data-created_by=\"avia_inline_auto\" id=\"style-css-av-av_heading-fc4090897b0fd53019cf462933c58c58\">\n#top .av-special-heading.av-av_heading-fc4090897b0fd53019cf462933c58c58{\npadding-bottom:10px;\ncolor:#ffffff;\nfont-size:30px;\n}\n.av-special-heading.av-av_heading-fc4090897b0fd53019cf462933c58c58 .special-heading-inner-border{\nborder-color:#ffffff;\n}\n<\/style>\n<div  class='av-special-heading av-av_heading-fc4090897b0fd53019cf462933c58c58 av-special-heading-h3 custom-color-heading blockquote modern-quote modern-centered  avia-builder-el-37  avia-builder-el-no-sibling  av-inherit-size '><h3 class='av-special-heading-tag '  itemprop=\"headline\"  >TECNOMA, PLEASURE PART OF GARDENING<\/h3><div class='special-heading-border'><div class='special-heading-inner-border'><\/div><\/div><\/div>\n\n","protected":false},"excerpt":{"rendered":"","protected":false},"author":4,"featured_media":0,"parent":0,"menu_order":0,"comment_status":"open","ping_status":"closed","template":"","meta":{"_acf_changed":false,"footnotes":""},"class_list":["post-1628","page","type-page","status-publish","hentry"],"acf":[],"_links":{"self":[{"href":"https:\/\/www.cooper-pegler.com\/en\/wp-json\/wp\/v2\/pages\/1628","targetHints":{"allow":["GET"]}}],"collection":[{"href":"https:\/\/www.cooper-pegler.com\/en\/wp-json\/wp\/v2\/pages"}],"about":[{"href":"https:\/\/www.cooper-pegler.com\/en\/wp-json\/wp\/v2\/types\/page"}],"author":[{"embeddable":true,"href":"https:\/\/www.cooper-pegler.com\/en\/wp-json\/wp\/v2\/users\/4"}],"replies":[{"embeddable":true,"href":"https:\/\/www.cooper-pegler.com\/en\/wp-json\/wp\/v2\/comments?post=1628"}],"version-history":[{"count":28,"href":"https:\/\/www.cooper-pegler.com\/en\/wp-json\/wp\/v2\/pages\/1628\/revisions"}],"predecessor-version":[{"id":4000,"href":"https:\/\/www.cooper-pegler.com\/en\/wp-json\/wp\/v2\/pages\/1628\/revisions\/4000"}],"wp:attachment":[{"href":"https:\/\/www.cooper-pegler.com\/en\/wp-json\/wp\/v2\/media?parent=1628"}],"curies":[{"name":"wp","href":"https:\/\/api.w.org\/{rel}","templated":true}]}}